{"id":5906,"date":"2022-05-29T19:00:08","date_gmt":"2022-05-29T23:00:08","guid":{"rendered":"https:\/\/broomballer.ca\/technologie\/"},"modified":"2022-12-16T22:30:15","modified_gmt":"2022-12-17T02:30:15","slug":"technologie","status":"publish","type":"page","link":"https:\/\/broomballer.ca\/fr\/technologie\/","title":{"rendered":"Technologie"},"content":{"rendered":"\t\t<div data-elementor-type=\"wp-page\" data-elementor-id=\"5906\" class=\"elementor elementor-5906 elementor-870\">\n\t\t\t\t\t\t\t\t\t<section class=\"elementor-section elementor-top-section elementor-element elementor-element-95e7a3a elementor-section-height-min-height elementor-section-boxed elementor-section-height-default elementor-section-items-middle\" data-id=\"95e7a3a\" data-element_type=\"section\" data-settings=\"{&quot;background_background&quot;:&quot;classic&quot;}\">\n\t\t\t\t\t\t\t<div class=\"elementor-background-overlay\"><\/div>\n\t\t\t\t\t\t\t<div class=\"elementor-container elementor-column-gap-default\">\n\t\t\t\t\t<div class=\"elementor-column elementor-col-100 elementor-top-column elementor-element elementor-element-2fcd029\" data-id=\"2fcd029\" data-element_type=\"column\">\n\t\t\t<div class=\"elementor-widget-wrap elementor-element-populated\">\n\t\t\t\t\t\t\t\t<div class=\"elementor-element elementor-element-e511f0b elementor-widget elementor-widget-heading\" data-id=\"e511f0b\" data-element_type=\"widget\" data-widget_type=\"heading.default\">\n\t\t\t\t<div class=\"elementor-widget-container\">\n\t\t\t<style>\/*! elementor - v3.6.5 - 27-04-2022 *\/\n.elementor-heading-title{padding:0;margin:0;line-height:1}.elementor-widget-heading .elementor-heading-title[class*=elementor-size-]>a{color:inherit;font-size:inherit;line-height:inherit}.elementor-widget-heading .elementor-heading-title.elementor-size-small{font-size:15px}.elementor-widget-heading .elementor-heading-title.elementor-size-medium{font-size:19px}.elementor-widget-heading .elementor-heading-title.elementor-size-large{font-size:29px}.elementor-widget-heading .elementor-heading-title.elementor-size-xl{font-size:39px}.elementor-widget-heading .elementor-heading-title.elementor-size-xxl{font-size:59px}<\/style><h2 class=\"elementor-heading-title elementor-size-default\">Technologie<\/h2>\t\t<\/div>\n\t\t\t\t<\/div>\n\t\t\t\t\t<\/div>\n\t\t<\/div>\n\t\t\t\t\t\t\t<\/div>\n\t\t<\/section>\n\t\t\t\t<section class=\"elementor-section elementor-top-section elementor-element elementor-element-8ae7cc4 elementor-section-boxed elementor-section-height-default elementor-section-height-default\" data-id=\"8ae7cc4\" data-element_type=\"section\">\n\t\t\t\t\t\t<div class=\"elementor-container elementor-column-gap-default\">\n\t\t\t\t\t<div class=\"elementor-column elementor-col-100 elementor-top-column elementor-element elementor-element-d641d62\" data-id=\"d641d62\" data-element_type=\"column\">\n\t\t\t<div class=\"elementor-widget-wrap elementor-element-populated\">\n\t\t\t\t\t\t\t\t<div class=\"elementor-element elementor-element-353106a elementor-widget elementor-widget-heading\" data-id=\"353106a\" data-element_type=\"widget\" data-widget_type=\"heading.default\">\n\t\t\t\t<div class=\"elementor-widget-container\">\n\t\t\t<h2 class=\"elementor-heading-title elementor-size-default\">Mat\u00e9riaux et poids du manche<\/h2>\t\t<\/div>\n\t\t\t\t<\/div>\n\t\t\t\t<section class=\"elementor-section elementor-inner-section elementor-element elementor-element-55fcdf9 elementor-section-boxed elementor-section-height-default elementor-section-height-default\" data-id=\"55fcdf9\" data-element_type=\"section\">\n\t\t\t\t\t\t<div class=\"elementor-container elementor-column-gap-wide\">\n\t\t\t\t\t<div class=\"elementor-column elementor-col-25 elementor-inner-column elementor-element elementor-element-5993308\" data-id=\"5993308\" data-element_type=\"column\">\n\t\t\t<div class=\"elementor-widget-wrap elementor-element-populated\">\n\t\t\t\t\t\t\t\t<div class=\"elementor-element elementor-element-db571d5 elementor-position-top elementor-vertical-align-top elementor-widget elementor-widget-image-box\" data-id=\"db571d5\" data-element_type=\"widget\" data-widget_type=\"image-box.default\">\n\t\t\t\t<div class=\"elementor-widget-container\">\n\t\t\t<style>\/*! elementor - v3.6.5 - 27-04-2022 *\/\n.elementor-widget-image-box .elementor-image-box-content{width:100%}@media (min-width:768px){.elementor-widget-image-box.elementor-position-left .elementor-image-box-wrapper,.elementor-widget-image-box.elementor-position-right .elementor-image-box-wrapper{display:-webkit-box;display:-ms-flexbox;display:flex}.elementor-widget-image-box.elementor-position-right .elementor-image-box-wrapper{text-align:right;-webkit-box-orient:horizontal;-webkit-box-direction:reverse;-ms-flex-direction:row-reverse;flex-direction:row-reverse}.elementor-widget-image-box.elementor-position-left .elementor-image-box-wrapper{text-align:left;-webkit-box-orient:horizontal;-webkit-box-direction:normal;-ms-flex-direction:row;flex-direction:row}.elementor-widget-image-box.elementor-position-top .elementor-image-box-img{margin:auto}.elementor-widget-image-box.elementor-vertical-align-top .elementor-image-box-wrapper{-webkit-box-align:start;-ms-flex-align:start;align-items:flex-start}.elementor-widget-image-box.elementor-vertical-align-middle .elementor-image-box-wrapper{-webkit-box-align:center;-ms-flex-align:center;align-items:center}.elementor-widget-image-box.elementor-vertical-align-bottom .elementor-image-box-wrapper{-webkit-box-align:end;-ms-flex-align:end;align-items:flex-end}}@media (max-width:767px){.elementor-widget-image-box .elementor-image-box-img{margin-left:auto!important;margin-right:auto!important;margin-bottom:15px}}.elementor-widget-image-box .elementor-image-box-img{display:inline-block}.elementor-widget-image-box .elementor-image-box-title a{color:inherit}.elementor-widget-image-box .elementor-image-box-wrapper{text-align:center}.elementor-widget-image-box .elementor-image-box-description{margin:0}<\/style><div class=\"elementor-image-box-wrapper\"><figure class=\"elementor-image-box-img\"><a href=\"#\"><img loading=\"lazy\" decoding=\"async\" width=\"300\" height=\"225\" src=\"https:\/\/broomballer.ca\/wp-content\/uploads\/2022\/05\/Katana-carbon-fiber-broom-ball-stick.jpg\" class=\"elementor-animation-shrink attachment-full size-full\" alt=\"\" \/><\/a><\/figure><div class=\"elementor-image-box-content\"><h3 class=\"elementor-image-box-title\"><a href=\"#\">Katana-Flex<\/a><\/h3><p class=\"elementor-image-box-description\">Fibre de carbone - 8oz<\/p><\/div><\/div>\t\t<\/div>\n\t\t\t\t<\/div>\n\t\t\t\t\t<\/div>\n\t\t<\/div>\n\t\t\t\t<div class=\"elementor-column elementor-col-25 elementor-inner-column elementor-element elementor-element-b3f345b\" data-id=\"b3f345b\" data-element_type=\"column\">\n\t\t\t<div class=\"elementor-widget-wrap elementor-element-populated\">\n\t\t\t\t\t\t\t\t<div class=\"elementor-element elementor-element-7ea52ab elementor-position-top elementor-vertical-align-top elementor-widget elementor-widget-image-box\" data-id=\"7ea52ab\" data-element_type=\"widget\" data-widget_type=\"image-box.default\">\n\t\t\t\t<div class=\"elementor-widget-container\">\n\t\t\t<div class=\"elementor-image-box-wrapper\"><figure class=\"elementor-image-box-img\"><a href=\"#\"><img loading=\"lazy\" decoding=\"async\" width=\"300\" height=\"225\" src=\"https:\/\/broomballer.ca\/wp-content\/uploads\/2022\/05\/Icon-broom-ball0stick-C405-aluminum-alloy-330g-gold-black.jpg\" class=\"elementor-animation-shrink attachment-full size-full\" alt=\"\" \/><\/a><\/figure><div class=\"elementor-image-box-content\"><h3 class=\"elementor-image-box-title\"><a href=\"#\">Icon<\/a><\/h3><p class=\"elementor-image-box-description\">Aluminium C405 - 12oz.<\/p><\/div><\/div>\t\t<\/div>\n\t\t\t\t<\/div>\n\t\t\t\t\t<\/div>\n\t\t<\/div>\n\t\t\t\t<div class=\"elementor-column elementor-col-25 elementor-inner-column elementor-element elementor-element-0e5d7e0\" data-id=\"0e5d7e0\" data-element_type=\"column\">\n\t\t\t<div class=\"elementor-widget-wrap elementor-element-populated\">\n\t\t\t\t\t\t\t\t<div class=\"elementor-element elementor-element-1af5e23 elementor-position-top elementor-vertical-align-top elementor-widget elementor-widget-image-box\" data-id=\"1af5e23\" data-element_type=\"widget\" data-widget_type=\"image-box.default\">\n\t\t\t\t<div class=\"elementor-widget-container\">\n\t\t\t<div class=\"elementor-image-box-wrapper\"><figure class=\"elementor-image-box-img\"><a href=\"#\"><img loading=\"lazy\" decoding=\"async\" width=\"300\" height=\"225\" src=\"https:\/\/broomballer.ca\/wp-content\/uploads\/2022\/05\/Cannon-stick-7075-aluminum-alloy-360.jpg\" class=\"elementor-animation-shrink attachment-full size-full\" alt=\"\" \/><\/a><\/figure><div class=\"elementor-image-box-content\"><h3 class=\"elementor-image-box-title\"><a href=\"#\">Canon<\/a><\/h3><p class=\"elementor-image-box-description\">Aluminium 7075 - 13oz.<\/p><\/div><\/div>\t\t<\/div>\n\t\t\t\t<\/div>\n\t\t\t\t\t<\/div>\n\t\t<\/div>\n\t\t\t\t<div class=\"elementor-column elementor-col-25 elementor-inner-column elementor-element elementor-element-518c25b\" data-id=\"518c25b\" data-element_type=\"column\">\n\t\t\t<div class=\"elementor-widget-wrap elementor-element-populated\">\n\t\t\t\t\t\t\t\t<div class=\"elementor-element elementor-element-b5faacf elementor-position-top elementor-vertical-align-top elementor-widget elementor-widget-image-box\" data-id=\"b5faacf\" data-element_type=\"widget\" data-widget_type=\"image-box.default\">\n\t\t\t\t<div class=\"elementor-widget-container\">\n\t\t\t<div class=\"elementor-image-box-wrapper\"><figure class=\"elementor-image-box-img\"><a href=\"#\"><img loading=\"lazy\" decoding=\"async\" width=\"300\" height=\"225\" src=\"https:\/\/broomballer.ca\/wp-content\/uploads\/2022\/05\/Striker-broom-ball-stick-6061-aluminum-430g.jpg\" class=\"elementor-animation-shrink attachment-full size-full\" alt=\"\" \/><\/a><\/figure><div class=\"elementor-image-box-content\"><h3 class=\"elementor-image-box-title\"><a href=\"#\">Striker<\/a><\/h3><p class=\"elementor-image-box-description\">Aluminium 6061 - 15oz.<\/p><\/div><\/div>\t\t<\/div>\n\t\t\t\t<\/div>\n\t\t\t\t\t<\/div>\n\t\t<\/div>\n\t\t\t\t\t\t\t<\/div>\n\t\t<\/section>\n\t\t\t\t\t<\/div>\n\t\t<\/div>\n\t\t\t\t\t\t\t<\/div>\n\t\t<\/section>\n\t\t\t\t<section class=\"elementor-section elementor-top-section elementor-element elementor-element-e9bbfff elementor-section-boxed elementor-section-height-default elementor-section-height-default\" data-id=\"e9bbfff\" data-element_type=\"section\">\n\t\t\t\t\t\t<div class=\"elementor-container elementor-column-gap-default\">\n\t\t\t\t\t<div class=\"elementor-column elementor-col-100 elementor-top-column elementor-element elementor-element-f37f492\" data-id=\"f37f492\" data-element_type=\"column\">\n\t\t\t<div class=\"elementor-widget-wrap elementor-element-populated\">\n\t\t\t\t\t\t\t\t<div class=\"elementor-element elementor-element-726b18d elementor-widget elementor-widget-heading\" data-id=\"726b18d\" data-element_type=\"widget\" data-widget_type=\"heading.default\">\n\t\t\t\t<div class=\"elementor-widget-container\">\n\t\t\t<h2 class=\"elementor-heading-title elementor-size-default\">Poids de la t\u00eate<\/h2>\t\t<\/div>\n\t\t\t\t<\/div>\n\t\t\t\t<section class=\"elementor-section elementor-inner-section elementor-element elementor-element-3ef3b97 elementor-section-boxed elementor-section-height-default elementor-section-height-default\" data-id=\"3ef3b97\" data-element_type=\"section\">\n\t\t\t\t\t\t<div class=\"elementor-container elementor-column-gap-wide\">\n\t\t\t\t\t<div class=\"elementor-column elementor-col-33 elementor-inner-column elementor-element elementor-element-204fc0d\" data-id=\"204fc0d\" data-element_type=\"column\">\n\t\t\t<div class=\"elementor-widget-wrap elementor-element-populated\">\n\t\t\t\t\t\t\t\t<div class=\"elementor-element elementor-element-f4351dd elementor-position-top elementor-vertical-align-top elementor-widget elementor-widget-image-box\" data-id=\"f4351dd\" data-element_type=\"widget\" data-widget_type=\"image-box.default\">\n\t\t\t\t<div class=\"elementor-widget-container\">\n\t\t\t<div class=\"elementor-image-box-wrapper\"><div class=\"elementor-image-box-content\"><h3 class=\"elementor-image-box-title\"><a href=\"#\">Delta- 7oz.<\/a><\/h3><p class=\"elementor-image-box-description\">Le meilleur choix pour la majorit\u00e9 des joueurs. R\u00e9sine l\u00e9g\u00e8re d\u00e9velopp\u00e9e par Blue Ox qui offre la meilleure combinaison d'adh\u00e9rence, de flexibilit\u00e9 et de durabilit\u00e9. Disponible en version droite ou en 3 courbes. Disponible en 7 couleurs (noir, bleu, vert, jaune, rose, blanc et rouge).<\/p><\/div><\/div>\t\t<\/div>\n\t\t\t\t<\/div>\n\t\t\t\t\t<\/div>\n\t\t<\/div>\n\t\t\t\t<div class=\"elementor-column elementor-col-33 elementor-inner-column elementor-element elementor-element-e691b78\" data-id=\"e691b78\" data-element_type=\"column\">\n\t\t\t<div class=\"elementor-widget-wrap elementor-element-populated\">\n\t\t\t\t\t\t\t\t<div class=\"elementor-element elementor-element-5a5654c elementor-position-top elementor-vertical-align-top elementor-widget elementor-widget-image-box\" data-id=\"5a5654c\" data-element_type=\"widget\" data-widget_type=\"image-box.default\">\n\t\t\t\t<div class=\"elementor-widget-container\">\n\t\t\t<div class=\"elementor-image-box-wrapper\"><div class=\"elementor-image-box-content\"><h3 class=\"elementor-image-box-title\"><a href=\"#\">Delta Heavy - 8oz.<\/a><\/h3><p class=\"elementor-image-box-description\">Un bon choix pour les joueurs qui jouent \u00e0 l'ext\u00e9rieur par des temp\u00e9ratures froides avec un ballon lourd. La r\u00e9sine utilis\u00e9e ajoute du poids et est un peu plus flexible. Ce qui lui permet de conserver ses propri\u00e9t\u00e9s dans le froid ext\u00e9rieur. Disponible en 2 couleurs (Orange et Gris p\u00e2le). Aucune courbe n'est possible pour cette t\u00eate.<\/p><\/div><\/div>\t\t<\/div>\n\t\t\t\t<\/div>\n\t\t\t\t\t<\/div>\n\t\t<\/div>\n\t\t\t\t<div class=\"elementor-column elementor-col-33 elementor-inner-column elementor-element elementor-element-aa70463\" data-id=\"aa70463\" data-element_type=\"column\">\n\t\t\t<div class=\"elementor-widget-wrap elementor-element-populated\">\n\t\t\t\t\t\t\t\t<div class=\"elementor-element elementor-element-a5bf0d6 elementor-position-top elementor-vertical-align-top elementor-widget elementor-widget-image-box\" data-id=\"a5bf0d6\" data-element_type=\"widget\" data-widget_type=\"image-box.default\">\n\t\t\t\t<div class=\"elementor-widget-container\">\n\t\t\t<div class=\"elementor-image-box-wrapper\"><div class=\"elementor-image-box-content\"><h3 class=\"elementor-image-box-title\"><a href=\"#\">Delta Extra Heavy - 9oz.<\/a><\/h3><p class=\"elementor-image-box-description\">Pour les joueurs forts qui aiment avoir beaucoup de poids au bout du b\u00e2ton. Une t\u00eate plus lourde donne la priorit\u00e9 \u00e0 un tir plus puissant, mais elle est plus difficile \u00e0 man\u0153uvrer. Cette r\u00e9sine polym\u00e8re est tr\u00e8s solide, ce qui rend cette t\u00eate tr\u00e8s durable. Disponible uniquement en gris fonc\u00e9. Aucune courbe n'est possible pour cette t\u00eate.<\/p><\/div><\/div>\t\t<\/div>\n\t\t\t\t<\/div>\n\t\t\t\t\t<\/div>\n\t\t<\/div>\n\t\t\t\t\t\t\t<\/div>\n\t\t<\/section>\n\t\t\t\t\t<\/div>\n\t\t<\/div>\n\t\t\t\t\t\t\t<\/div>\n\t\t<\/section>\n\t\t\t\t<section class=\"elementor-section elementor-top-section elementor-element elementor-element-bd75908 elementor-section-boxed elementor-section-height-default elementor-section-height-default\" data-id=\"bd75908\" data-element_type=\"section\">\n\t\t\t\t\t\t<div class=\"elementor-container elementor-column-gap-default\">\n\t\t\t\t\t<div class=\"elementor-column elementor-col-100 elementor-top-column elementor-element elementor-element-a6ab772\" data-id=\"a6ab772\" data-element_type=\"column\">\n\t\t\t<div class=\"elementor-widget-wrap elementor-element-populated\">\n\t\t\t\t\t\t\t\t<div class=\"elementor-element elementor-element-e520d3f elementor-widget elementor-widget-heading\" data-id=\"e520d3f\" data-element_type=\"widget\" data-widget_type=\"heading.default\">\n\t\t\t\t<div class=\"elementor-widget-container\">\n\t\t\t<h2 class=\"elementor-heading-title elementor-size-default\">Forme de la t\u00eate<\/h2>\t\t<\/div>\n\t\t\t\t<\/div>\n\t\t\t\t<section class=\"elementor-section elementor-inner-section elementor-element elementor-element-4d87de1 elementor-section-boxed elementor-section-height-default elementor-section-height-default\" data-id=\"4d87de1\" data-element_type=\"section\">\n\t\t\t\t\t\t<div class=\"elementor-container elementor-column-gap-wide\">\n\t\t\t\t\t<div class=\"elementor-column elementor-col-33 elementor-inner-column elementor-element elementor-element-ebd9a88\" data-id=\"ebd9a88\" data-element_type=\"column\">\n\t\t\t<div class=\"elementor-widget-wrap elementor-element-populated\">\n\t\t\t\t\t\t\t\t<div class=\"elementor-element elementor-element-007ed94 elementor-position-top elementor-vertical-align-top elementor-widget elementor-widget-image-box\" data-id=\"007ed94\" data-element_type=\"widget\" data-widget_type=\"image-box.default\">\n\t\t\t\t<div class=\"elementor-widget-container\">\n\t\t\t<div class=\"elementor-image-box-wrapper\"><figure class=\"elementor-image-box-img\"><a href=\"#\"><img loading=\"lazy\" decoding=\"async\" width=\"219\" height=\"356\" src=\"https:\/\/broomballer.ca\/wp-content\/uploads\/2022\/09\/0mm.png\" class=\"elementor-animation-shrink attachment-full size-full\" alt=\"\" \/><\/a><\/figure><div class=\"elementor-image-box-content\"><h3 class=\"elementor-image-box-title\"><a href=\"#\">0mm<\/a><\/h3><p class=\"elementor-image-box-description\">T\u00eate droite r\u00e9guli\u00e8re si bien connue de tous les joueurs de ballon-balai.\n\nType de joueurs qui adoptent cette t\u00eate : Joueur conservateur, qui aime jouer aussi bien en revers qu'en coup droit.<\/p><\/div><\/div>\t\t<\/div>\n\t\t\t\t<\/div>\n\t\t\t\t\t<\/div>\n\t\t<\/div>\n\t\t\t\t<div class=\"elementor-column elementor-col-33 elementor-inner-column elementor-element elementor-element-a58dd49\" data-id=\"a58dd49\" data-element_type=\"column\">\n\t\t\t<div class=\"elementor-widget-wrap elementor-element-populated\">\n\t\t\t\t\t\t\t\t<div class=\"elementor-element elementor-element-5455c9e elementor-position-top elementor-vertical-align-top elementor-widget elementor-widget-image-box\" data-id=\"5455c9e\" data-element_type=\"widget\" data-widget_type=\"image-box.default\">\n\t\t\t\t<div class=\"elementor-widget-container\">\n\t\t\t<div class=\"elementor-image-box-wrapper\"><figure class=\"elementor-image-box-img\"><a href=\"#\"><img loading=\"lazy\" decoding=\"async\" width=\"219\" height=\"356\" src=\"https:\/\/broomballer.ca\/wp-content\/uploads\/2022\/05\/curvehead-04.png\" class=\"elementor-animation-shrink attachment-full size-full\" alt=\"\" \/><\/a><\/figure><div class=\"elementor-image-box-content\"><h3 class=\"elementor-image-box-title\"><a href=\"#\">5mm<\/a><\/h3><p class=\"elementor-image-box-description\">L'extr\u00e9mit\u00e9 de la t\u00eate est courb\u00e9e d'environ 5 mm.\n\nSeuls les 4 derniers centim\u00e8tres de la t\u00eate sont courb\u00e9s.\n\nLes 15 premiers cm restent droits pour garder le revers, les passes et les flips.\n\nAide \u00e0 la manipulation et au coup droit.\n\nType de joueurs qui adoptent cette t\u00eate : Joueur conservateur qui augmente les performances du coup droit sans rien enlever au revers.<\/p><\/div><\/div>\t\t<\/div>\n\t\t\t\t<\/div>\n\t\t\t\t\t<\/div>\n\t\t<\/div>\n\t\t\t\t<div class=\"elementor-column elementor-col-33 elementor-inner-column elementor-element elementor-element-58647b5\" data-id=\"58647b5\" data-element_type=\"column\">\n\t\t\t<div class=\"elementor-widget-wrap elementor-element-populated\">\n\t\t\t\t\t\t\t\t<div class=\"elementor-element elementor-element-23de5c5 elementor-position-top elementor-vertical-align-top elementor-widget elementor-widget-image-box\" data-id=\"23de5c5\" data-element_type=\"widget\" data-widget_type=\"image-box.default\">\n\t\t\t\t<div class=\"elementor-widget-container\">\n\t\t\t<div class=\"elementor-image-box-wrapper\"><figure class=\"elementor-image-box-img\"><a href=\"#\"><img loading=\"lazy\" decoding=\"async\" width=\"219\" height=\"368\" src=\"https:\/\/broomballer.ca\/wp-content\/uploads\/2022\/05\/curvehead-03.png\" class=\"elementor-animation-shrink attachment-full size-full\" alt=\"\" \/><\/a><\/figure><div class=\"elementor-image-box-content\"><h3 class=\"elementor-image-box-title\"><a href=\"#\">10mm<\/a><\/h3><p class=\"elementor-image-box-description\">L'extr\u00e9mit\u00e9 de la t\u00eate est courb\u00e9e d'environ 10 mm.\n\nLes 5 derniers centim\u00e8tres de la t\u00eate sont courb\u00e9s.\n\nLes 14 premiers cm restent droits pour conserver les passes et les flips du revers.\n\nAugmente le contr\u00f4le, facilite les passes de type \"deadlift\" et les tirs du poignet.\n\nType de joueurs qui adoptent cette t\u00eate : Joueur qui aime utiliser le coup droit plus souvent que le revers.<\/p><\/div><\/div>\t\t<\/div>\n\t\t\t\t<\/div>\n\t\t\t\t\t<\/div>\n\t\t<\/div>\n\t\t\t\t\t\t\t<\/div>\n\t\t<\/section>\n\t\t\t\t<section class=\"elementor-section elementor-inner-section elementor-element elementor-element-7bbe839 elementor-section-boxed elementor-section-height-default elementor-section-height-default\" data-id=\"7bbe839\" data-element_type=\"section\">\n\t\t\t\t\t\t<div class=\"elementor-container elementor-column-gap-wide\">\n\t\t\t\t\t<div class=\"elementor-column elementor-col-33 elementor-inner-column elementor-element elementor-element-2537469\" data-id=\"2537469\" data-element_type=\"column\">\n\t\t\t<div class=\"elementor-widget-wrap elementor-element-populated\">\n\t\t\t\t\t\t\t\t<div class=\"elementor-element elementor-element-4ba8a42 elementor-position-top elementor-vertical-align-top elementor-widget elementor-widget-image-box\" data-id=\"4ba8a42\" data-element_type=\"widget\" data-widget_type=\"image-box.default\">\n\t\t\t\t<div class=\"elementor-widget-container\">\n\t\t\t<div class=\"elementor-image-box-wrapper\"><figure class=\"elementor-image-box-img\"><a href=\"#\"><img loading=\"lazy\" decoding=\"async\" width=\"225\" height=\"365\" src=\"https:\/\/broomballer.ca\/wp-content\/uploads\/2022\/05\/curvehead-02-02.png\" class=\"elementor-animation-shrink attachment-full size-full\" alt=\"\" \/><\/a><\/figure><div class=\"elementor-image-box-content\"><h3 class=\"elementor-image-box-title\"><a href=\"#\">20mm<\/a><\/h3><p class=\"elementor-image-box-description\">L'extr\u00e9mit\u00e9 de la t\u00eate est incurv\u00e9e sur environ 20 mm.\n\nLes 5 derniers centim\u00e8tres de la t\u00eate sont courb\u00e9s.\n\nLes 13 premiers centim\u00e8tres restent droits.\n\nLa courbe de la t\u00eate correspond \u00e0 la courbe du ballon pour une r\u00e9tention maximale.\n\nAugmente consid\u00e9rablement le contr\u00f4le, facilite les passes de type \"deadlift\" et les tirs du poignet.\n\nType de joueurs qui adoptent cette t\u00eate : Joueur qui utilise le coup droit la plupart du temps. Il peut \u00eatre n\u00e9cessaire de tourner votre manche dans certaines situations pour optimiser les performances de cette t\u00eate.<\/p><\/div><\/div>\t\t<\/div>\n\t\t\t\t<\/div>\n\t\t\t\t\t<\/div>\n\t\t<\/div>\n\t\t\t\t<div class=\"elementor-column elementor-col-33 elementor-inner-column elementor-element elementor-element-0fefc8c\" data-id=\"0fefc8c\" data-element_type=\"column\">\n\t\t\t<div class=\"elementor-widget-wrap\">\n\t\t\t\t\t\t\t\t\t<\/div>\n\t\t<\/div>\n\t\t\t\t<div class=\"elementor-column elementor-col-33 elementor-inner-column elementor-element elementor-element-65f166f\" data-id=\"65f166f\" data-element_type=\"column\">\n\t\t\t<div class=\"elementor-widget-wrap\">\n\t\t\t\t\t\t\t\t\t<\/div>\n\t\t<\/div>\n\t\t\t\t\t\t\t<\/div>\n\t\t<\/section>\n\t\t\t\t\t<\/div>\n\t\t<\/div>\n\t\t\t\t\t\t\t<\/div>\n\t\t<\/section>\n\t\t\t\t\t\t\t<\/div>\n\t\t","protected":false},"excerpt":{"rendered":"<p>Technologie Mat\u00e9riaux et poids du manche Katana-Flex Fibre de carbone &#8211; 8oz Icon Aluminium C405 &#8211; 12oz. Canon Aluminium 7075 &#8211; 13oz. Striker Aluminium 6061 &#8211; 15oz. Poids de la t\u00eate Delta- 7oz. Le meilleur choix pour la majorit\u00e9 des joueurs. R\u00e9sine l\u00e9g\u00e8re d\u00e9velopp\u00e9e par Blue Ox qui offre la meilleure combinaison d&rsquo;adh\u00e9rence, de flexibilit\u00e9 &hellip;<\/p>\n<p class=\"read-more\"> <a class=\"\" href=\"https:\/\/broomballer.ca\/fr\/technologie\/\"> <span class=\"screen-reader-text\">Technologie<\/span> Lire la suite\u00a0\u00bb<\/a><\/p>\n","protected":false},"author":2,"featured_media":0,"parent":0,"menu_order":0,"comment_status":"closed","ping_status":"closed","template":"elementor_header_footer","meta":{"site-sidebar-layout":"no-sidebar","site-content-layout":"page-builder","ast-global-header-display":"","ast-main-header-display":"","ast-hfb-above-header-display":"","ast-hfb-below-header-display":"","ast-hfb-mobile-header-display":"","site-post-title":"disabled","ast-breadcrumbs-content":"","ast-featured-img":"disabled","footer-sml-layout":"","theme-transparent-header-meta":"default","adv-header-id-meta":"","stick-header-meta":"","header-above-stick-meta":"","header-main-stick-meta":"","header-below-stick-meta":"","spay_email":"","footnotes":""},"class_list":["post-5906","page","type-page","status-publish","hentry"],"_links":{"self":[{"href":"https:\/\/broomballer.ca\/fr\/wp-json\/wp\/v2\/pages\/5906","targetHints":{"allow":["GET"]}}],"collection":[{"href":"https:\/\/broomballer.ca\/fr\/wp-json\/wp\/v2\/pages"}],"about":[{"href":"https:\/\/broomballer.ca\/fr\/wp-json\/wp\/v2\/types\/page"}],"author":[{"embeddable":true,"href":"https:\/\/broomballer.ca\/fr\/wp-json\/wp\/v2\/users\/2"}],"replies":[{"embeddable":true,"href":"https:\/\/broomballer.ca\/fr\/wp-json\/wp\/v2\/comments?post=5906"}],"version-history":[{"count":9,"href":"https:\/\/broomballer.ca\/fr\/wp-json\/wp\/v2\/pages\/5906\/revisions"}],"predecessor-version":[{"id":7491,"href":"https:\/\/broomballer.ca\/fr\/wp-json\/wp\/v2\/pages\/5906\/revisions\/7491"}],"wp:attachment":[{"href":"https:\/\/broomballer.ca\/fr\/wp-json\/wp\/v2\/media?parent=5906"}],"curies":[{"name":"wp","href":"https:\/\/api.w.org\/{rel}","templated":true}]}}