{"id":5944,"date":"2022-05-30T13:07:46","date_gmt":"2022-05-30T17:07:46","guid":{"rendered":"https:\/\/broomballer.ca\/livraison-et-retour\/"},"modified":"2022-09-06T21:42:39","modified_gmt":"2022-09-07T01:42:39","slug":"livraison-et-retour","status":"publish","type":"page","link":"https:\/\/broomballer.ca\/fr\/livraison-et-retour\/","title":{"rendered":"Livraison et retour"},"content":{"rendered":"\t\t<div data-elementor-type=\"wp-page\" data-elementor-id=\"5944\" class=\"elementor elementor-5944 elementor-1115\">\n\t\t\t\t\t\t\t\t\t<section class=\"elementor-section elementor-top-section elementor-element elementor-element-4edbfef elementor-section-height-min-height elementor-section-boxed elementor-section-height-default elementor-section-items-middle\" data-id=\"4edbfef\" data-element_type=\"section\" data-settings=\"{&quot;background_background&quot;:&quot;classic&quot;}\">\n\t\t\t\t\t\t\t<div class=\"elementor-background-overlay\"><\/div>\n\t\t\t\t\t\t\t<div class=\"elementor-container elementor-column-gap-default\">\n\t\t\t\t\t<div class=\"elementor-column elementor-col-100 elementor-top-column elementor-element elementor-element-4690d7e\" data-id=\"4690d7e\" data-element_type=\"column\">\n\t\t\t<div class=\"elementor-widget-wrap elementor-element-populated\">\n\t\t\t\t\t\t\t\t<div class=\"elementor-element elementor-element-e328e3d elementor-widget elementor-widget-heading\" data-id=\"e328e3d\" data-element_type=\"widget\" data-widget_type=\"heading.default\">\n\t\t\t\t<div class=\"elementor-widget-container\">\n\t\t\t<style>\/*! elementor - v3.6.5 - 27-04-2022 *\/\n.elementor-heading-title{padding:0;margin:0;line-height:1}.elementor-widget-heading .elementor-heading-title[class*=elementor-size-]>a{color:inherit;font-size:inherit;line-height:inherit}.elementor-widget-heading .elementor-heading-title.elementor-size-small{font-size:15px}.elementor-widget-heading .elementor-heading-title.elementor-size-medium{font-size:19px}.elementor-widget-heading .elementor-heading-title.elementor-size-large{font-size:29px}.elementor-widget-heading .elementor-heading-title.elementor-size-xl{font-size:39px}.elementor-widget-heading .elementor-heading-title.elementor-size-xxl{font-size:59px}<\/style><h2 class=\"elementor-heading-title elementor-size-default\">Livraison et retour<\/h2>\t\t<\/div>\n\t\t\t\t<\/div>\n\t\t\t\t\t<\/div>\n\t\t<\/div>\n\t\t\t\t\t\t\t<\/div>\n\t\t<\/section>\n\t\t\t\t<section class=\"elementor-section elementor-top-section elementor-element elementor-element-f69454a elementor-section-boxed elementor-section-height-default elementor-section-height-default\" data-id=\"f69454a\" data-element_type=\"section\">\n\t\t\t\t\t\t<div class=\"elementor-container elementor-column-gap-default\">\n\t\t\t\t\t<div class=\"elementor-column elementor-col-100 elementor-top-column elementor-element elementor-element-bd5daf5\" data-id=\"bd5daf5\" data-element_type=\"column\">\n\t\t\t<div class=\"elementor-widget-wrap elementor-element-populated\">\n\t\t\t\t\t\t\t\t<div class=\"elementor-element elementor-element-cdf7081 elementor-widget elementor-widget-text-editor\" data-id=\"cdf7081\" data-element_type=\"widget\" data-widget_type=\"text-editor.default\">\n\t\t\t\t<div class=\"elementor-widget-container\">\n\t\t\t<style>\/*! elementor - v3.6.5 - 27-04-2022 *\/\n.elementor-widget-text-editor.elementor-drop-cap-view-stacked .elementor-drop-cap{background-color:#818a91;color:#fff}.elementor-widget-text-editor.elementor-drop-cap-view-framed .elementor-drop-cap{color:#818a91;border:3px solid;background-color:transparent}.elementor-widget-text-editor:not(.elementor-drop-cap-view-default) .elementor-drop-cap{margin-top:8px}.elementor-widget-text-editor:not(.elementor-drop-cap-view-default) .elementor-drop-cap-letter{width:1em;height:1em}.elementor-widget-text-editor .elementor-drop-cap{float:left;text-align:center;line-height:1;font-size:50px}.elementor-widget-text-editor .elementor-drop-cap-letter{display:inline-block}<\/style>\t\t\t\t<p><strong><span>Politique de retour<\/span><\/strong><\/p>\n<p><span>Il est possible de retourner la plupart des produits neufs avec leur emballage dans les 30 jours suivant la date d&rsquo;achat pour un remboursement de l&rsquo;article.&nbsp;Une preuve d&rsquo;achat est requise pour pouvoir retourner un article.<\/span><\/p>\n<p><span>Vous pouvez retourner l&rsquo;article :<\/span><br><span>en personne \u00e0 un repr\u00e9sentant de Broomballer ;<\/span><br><span>O\u00f9 ;<\/span><br><span>en livraison postale \u00e0 l&rsquo;entrep\u00f4t de Broomballer.&nbsp;Les frais de livraison sont \u00e0 la charge de l&rsquo;acheteur.&nbsp;Nous prenons en charge les frais de livraison du retour uniquement si celui-ci est d\u00fb \u00e0 une erreur de notre part (erreur de taille, produit d\u00e9fectueux, etc.).<\/span><\/p>\n<p><span>Le remboursement sera effectu\u00e9 dans les quatre semaines suivant la r\u00e9ception de la marchandise.&nbsp;Ce d\u00e9lai comprend le traitement de votre demande de retour ainsi que le temps n\u00e9cessaire au remboursement par les institutions financi\u00e8res.<\/span><\/p>\n<p><span>Pour proc\u00e9der au retour d&rsquo;un ou plusieurs produits,&nbsp;<\/span><a href=\"https:\/\/blueoxmontreal.com\/contactez-nous\/\">\n  <span>contactez-nous<\/span>\n<\/a><span>&nbsp;avec votre num\u00e9ro de commande ainsi que le(s) produit(s) \u00e0 retourner et nous nous ferons un plaisir de vous envoyer les instructions n\u00e9cessaires.<\/span><\/p>\n<p><span>Les articles suivants sont consid\u00e9r\u00e9s comme des articles en vente finale : masques et bandana.<\/span><\/p>\n<p><span>Tout article port\u00e9 ou endommag\u00e9 (qui ne peut \u00eatre revendu comme neuf) par l&rsquo;acheteur ne peut \u00eatre retourn\u00e9.<\/span><\/p>\n<p><strong><span>Politique d&rsquo;\u00e9change<\/span><\/strong><\/p>\n<p><span>Il est possible d&rsquo;\u00e9changer la plupart des produits neufs avec leur emballage dans les 30 jours suivant la date d&rsquo;achat.&nbsp;Une preuve d&rsquo;achat est requise pour \u00e9changer un article.&nbsp;Si l&rsquo;article \u00e0 \u00e9changer n&rsquo;est plus disponible, il sera possible de remplacer l&rsquo;article d\u00e9fectueux par un article de m\u00eame valeur (ou sup\u00e9rieur si aucun article de m\u00eame valeur n&rsquo;est disponible).<\/span><\/p>\n<p><span>Vous pouvez \u00e9changer un article :<\/span><br><span>En personne aupr\u00e8s d&rsquo;un repr\u00e9sentant de Broomballer ;<\/span><br><span>O\u00f9 ;<\/span><br><span>En livraison postale \u00e0 l&rsquo;entrep\u00f4t de Broomballer.&nbsp;Les frais de livraison sont \u00e0 la charge de l&rsquo;acheteur.&nbsp;Nous prenons en charge les frais de livraison du retour uniquement si celui-ci est d\u00fb \u00e0 une erreur de notre part (erreur de taille, produit d\u00e9fectueux, etc.).<\/span><\/p>\n<p><span>Une fois l&rsquo;article \u00e0 \u00e9changer re\u00e7u par Broomballer, il faut compter 2 \u00e0 6 jours ouvrables pour recevoir le nouvel article.<\/span><\/p>\n<p><span>Les articles suivants sont consid\u00e9r\u00e9s comme des articles en vente finale : masques et bandana.<\/span><\/p>\n<p><span>Tout article us\u00e9 ou endommag\u00e9 (qui ne peut \u00eatre revendu comme neuf) par l&rsquo;acheteur ne peut \u00eatre \u00e9chang\u00e9.<\/span><br><span>Pour lancer un processus d&rsquo;\u00e9change, contactez-nous&nbsp;<\/span><a href=\"https:\/\/blueoxmontreal.com\/contactez-nous\/\">\n  <span>ici<\/span>\n<\/a><span>&nbsp;ou directement dans un kiosque Blue Ox Montr\u00e9al.<\/span><\/p>\n<p><strong><span>Livraison<\/span><\/strong><\/p>\n<p><span>Pour les commandes au Canada et les produits en stock, pr\u00e9voyez 2 \u00e0 6 jours ouvrables pour la livraison.&nbsp;Si un probl\u00e8me survient, nous vous contacterons d\u00e8s que possible pour vous informer des solutions possibles.<\/span><\/p>\n<p><strong><span>Livraison internationale<\/span><\/strong><\/p>\n<p><span>Nous pouvons livrer pratiquement partout dans le monde.&nbsp;Notez que certains produits ne peuvent pas \u00eatre exp\u00e9di\u00e9s \u00e0 l&rsquo;international.&nbsp;En outre, certains d\u00e9lais et frais de douane ind\u00e9pendants de notre volont\u00e9 peuvent s&rsquo;appliquer pour une livraison \u00e0 l&rsquo;ext\u00e9rieur du Canada.&nbsp;Lors de votre commande, aucun frais de livraison ne vous sera factur\u00e9 et nous vous contacterons par e-mail pour r\u00e9gler ces d\u00e9tails avec vous.&nbsp;<\/span><a href=\"https:\/\/blueoxmontreal.com\/contactez-nous\/\">\n  <span>Contactez nous<\/span>\n<\/a><span>&nbsp;pour en savoir plus.<\/span><\/p><p style=\"font-size: 16px; font-style: normal;\"><b>Enl\u00e8vement \u00e0 notre entrep\u00f4t<\/b><\/p><p style=\"font-size: 16px; font-style: normal; font-weight: 400;\">Broomballer n&rsquo;a pas de magasin de briques et de motar. Nous vendons par le biais de notre site web et en personne lors des tournois. Notre entrep\u00f4t est situ\u00e9 \u00e0 Terrebonne, QC, Canada. Vous pouvez venir en personne pour r\u00e9cup\u00e9rer votre article sur rendez-vous uniquement. Contactez-nous pour plus de d\u00e9tails et pour fixer un rendez-vous.<\/p>\n<p><strong><span>Empreinte \u00e9cologique<\/span><\/strong><\/p>\n<p><span>Notez que nous privil\u00e9gions l&rsquo;envoi de vos colis dans des bo\u00eetes r\u00e9utilis\u00e9es et recycl\u00e9es afin de r\u00e9duire notre impact sur l&rsquo;environnement.&nbsp;De plus, nous limitons le papier dans vos envois et pr\u00e9f\u00e9rons transf\u00e9rer les documents par e-mail.<\/span><\/p>\t\t\t\t\t\t<\/div>\n\t\t\t\t<\/div>\n\t\t\t\t\t<\/div>\n\t\t<\/div>\n\t\t\t\t\t\t\t<\/div>\n\t\t<\/section>\n\t\t\t\t\t\t\t<\/div>\n\t\t","protected":false},"excerpt":{"rendered":"<p>Livraison et retour Politique de retour Il est possible de retourner la plupart des produits neufs avec leur emballage dans les 30 jours suivant la date d&rsquo;achat pour un remboursement de l&rsquo;article.&nbsp;Une preuve d&rsquo;achat est requise pour pouvoir retourner un article. Vous pouvez retourner l&rsquo;article :en personne \u00e0 un repr\u00e9sentant de Broomballer ;O\u00f9 ;en livraison &hellip;<\/p>\n<p class=\"read-more\"> <a class=\"\" href=\"https:\/\/broomballer.ca\/fr\/livraison-et-retour\/\"> <span class=\"screen-reader-text\">Livraison et retour<\/span> Lire la suite\u00a0\u00bb<\/a><\/p>\n","protected":false},"author":2,"featured_media":0,"parent":0,"menu_order":0,"comment_status":"closed","ping_status":"closed","template":"elementor_header_footer","meta":{"site-sidebar-layout":"no-sidebar","site-content-layout":"page-builder","ast-global-header-display":"","ast-main-header-display":"","ast-hfb-above-header-display":"","ast-hfb-below-header-display":"","ast-hfb-mobile-header-display":"","site-post-title":"disabled","ast-breadcrumbs-content":"","ast-featured-img":"disabled","footer-sml-layout":"","theme-transparent-header-meta":"default","adv-header-id-meta":"","stick-header-meta":"","header-above-stick-meta":"","header-main-stick-meta":"","header-below-stick-meta":"","spay_email":"","footnotes":""},"class_list":["post-5944","page","type-page","status-publish","hentry"],"_links":{"self":[{"href":"https:\/\/broomballer.ca\/fr\/wp-json\/wp\/v2\/pages\/5944","targetHints":{"allow":["GET"]}}],"collection":[{"href":"https:\/\/broomballer.ca\/fr\/wp-json\/wp\/v2\/pages"}],"about":[{"href":"https:\/\/broomballer.ca\/fr\/wp-json\/wp\/v2\/types\/page"}],"author":[{"embeddable":true,"href":"https:\/\/broomballer.ca\/fr\/wp-json\/wp\/v2\/users\/2"}],"replies":[{"embeddable":true,"href":"https:\/\/broomballer.ca\/fr\/wp-json\/wp\/v2\/comments?post=5944"}],"version-history":[{"count":4,"href":"https:\/\/broomballer.ca\/fr\/wp-json\/wp\/v2\/pages\/5944\/revisions"}],"predecessor-version":[{"id":6011,"href":"https:\/\/broomballer.ca\/fr\/wp-json\/wp\/v2\/pages\/5944\/revisions\/6011"}],"wp:attachment":[{"href":"https:\/\/broomballer.ca\/fr\/wp-json\/wp\/v2\/media?parent=5944"}],"curies":[{"name":"wp","href":"https:\/\/api.w.org\/{rel}","templated":true}]}}