{"id":5937,"date":"2022-04-09T10:53:34","date_gmt":"2022-04-09T14:53:34","guid":{"rendered":"https:\/\/broomballer.ca\/?post_type=product&#038;p=5937"},"modified":"2022-10-08T18:43:37","modified_gmt":"2022-10-08T22:43:37","slug":"jambiere-h-7","status":"publish","type":"product","link":"https:\/\/broomballer.ca\/fr\/produit\/jambiere-h-7\/","title":{"rendered":"Jambi\u00e8res H-5.0"},"content":{"rendered":"","protected":false},"excerpt":{"rendered":"<p><strong>Ajustement de la forme du contour<\/strong><\/p>\n<p><strong>Ventilation de la jambi\u00e8re<\/strong><\/p>\n<p><strong>Sangles rempla\u00e7ables<\/strong><\/p>\n<p><strong>Taille ajustable<\/strong><\/p>\n<p>&nbsp;<\/p>\n<p><em>Enfin disponible ! Le nouveau H-5.0 est le meilleur nouveau prot\u00e8ge-tibia du march\u00e9. Il est dot\u00e9 d&rsquo;un contour ergonomique qui fixe fermement le tibia \u00e0 la jambe sans aucun mouvement et sans ruban adh\u00e9sif ! Notre ventilation suppl\u00e9mentaire permet de garder les jambes fra\u00eeches. <\/em><\/p>\n<p><em>Ces jambi\u00e8res ont \u00e9t\u00e9 con\u00e7ues pour la vitesse et l&rsquo;agilit\u00e9. Elles sont \u00e9galement dot\u00e9es d&rsquo;un genou amovible qui permet aux joueurs d&rsquo;ajuster la taille des prot\u00e8ge-tibias. Id\u00e9al pour les jeunes joueurs en pleine croissance !<\/em><\/p>\n<p><em>Pour la taille, mesurez l&rsquo;avant de la jambe du d\u00e9but de la cheville (o\u00f9 le dessus du pied rejoint la cheville) jusqu&rsquo;au milieu du genou.  <\/em><\/p>\n","protected":false},"featured_media":6976,"comment_status":"closed","ping_status":"closed","template":"","meta":{"site-sidebar-layout":"default","site-content-layout":"default","ast-global-header-display":"","ast-main-header-display":"","ast-hfb-above-header-display":"","ast-hfb-below-header-display":"","ast-hfb-mobile-header-display":"","site-post-title":"","ast-breadcrumbs-content":"","ast-featured-img":"","footer-sml-layout":"","theme-transparent-header-meta":"default","adv-header-id-meta":"","stick-header-meta":"","header-above-stick-meta":"","header-main-stick-meta":"","header-below-stick-meta":"","spay_email":"","jetpack_publicize_message":"","jetpack_is_tweetstorm":false,"jetpack_publicize_feature_enabled":true},"product_cat":[215],"product_tag":[],"class_list":["post-5937","product","type-product","status-publish","has-post-thumbnail","hentry","product_cat-protection-fr"],"_links":{"self":[{"href":"https:\/\/broomballer.ca\/fr\/wp-json\/wp\/v2\/product\/5937","targetHints":{"allow":["GET"]}}],"collection":[{"href":"https:\/\/broomballer.ca\/fr\/wp-json\/wp\/v2\/product"}],"about":[{"href":"https:\/\/broomballer.ca\/fr\/wp-json\/wp\/v2\/types\/product"}],"replies":[{"embeddable":true,"href":"https:\/\/broomballer.ca\/fr\/wp-json\/wp\/v2\/comments?post=5937"}],"wp:featuredmedia":[{"embeddable":true,"href":"https:\/\/broomballer.ca\/fr\/wp-json\/wp\/v2\/media\/6976"}],"wp:attachment":[{"href":"https:\/\/broomballer.ca\/fr\/wp-json\/wp\/v2\/media?parent=5937"}],"wp:term":[{"taxonomy":"product_cat","embeddable":true,"href":"https:\/\/broomballer.ca\/fr\/wp-json\/wp\/v2\/product_cat?post=5937"},{"taxonomy":"product_tag","embeddable":true,"href":"https:\/\/broomballer.ca\/fr\/wp-json\/wp\/v2\/product_tag?post=5937"}],"curies":[{"name":"wp","href":"https:\/\/api.w.org\/{rel}","templated":true}]}}