{"id":5943,"date":"2022-04-09T10:05:21","date_gmt":"2022-04-09T14:05:21","guid":{"rendered":"https:\/\/broomballer.ca\/product\/chaussures-h-7-0\/"},"modified":"2025-12-14T21:37:31","modified_gmt":"2025-12-15T01:37:31","slug":"soulier-h-7-0","status":"publish","type":"product","link":"https:\/\/broomballer.ca\/fr\/produit\/soulier-h-7-0\/","title":{"rendered":"Chaussures H-7.0"},"content":{"rendered":"","protected":false},"excerpt":{"rendered":"<p>La nouvelle H-7.0 poss\u00e8de d\u00e9sormais la coupe classique de soutien et de protection de la cheville demand\u00e9e par les joueurs ! Il est \u00e9galement dot\u00e9 d&rsquo;une protection de premier ordre au niveau de la pointe et du talon. Ce mod\u00e8le poss\u00e8de la m\u00eame excellente traction que le H-5, mais avec un soutien et une protection suppl\u00e9mentaires de la cheville.<\/p>\n<p>Dot\u00e9 de la semelle Pure Pro. Il n&rsquo;est pas n\u00e9cessaire de \u00ab\u00a0roder\u00a0\u00bb ces chaussures. Ils ont le meilleur grip du jeu d\u00e8s la sortie de la bo\u00eete !<\/p>\n","protected":false},"featured_media":5697,"comment_status":"closed","ping_status":"closed","template":"","meta":{"site-sidebar-layout":"default","site-content-layout":"default","ast-global-header-display":"","ast-main-header-display":"","ast-hfb-above-header-display":"","ast-hfb-below-header-display":"","ast-hfb-mobile-header-display":"","site-post-title":"","ast-breadcrumbs-content":"","ast-featured-img":"","footer-sml-layout":"","theme-transparent-header-meta":"default","adv-header-id-meta":"","stick-header-meta":"","header-above-stick-meta":"","header-main-stick-meta":"","header-below-stick-meta":"","spay_email":"","jetpack_publicize_message":"","jetpack_is_tweetstorm":false,"jetpack_publicize_feature_enabled":true},"product_cat":[217],"product_tag":[],"class_list":["post-5943","product","type-product","status-publish","has-post-thumbnail","hentry","product_cat-chaussures"],"_links":{"self":[{"href":"https:\/\/broomballer.ca\/fr\/wp-json\/wp\/v2\/product\/5943","targetHints":{"allow":["GET"]}}],"collection":[{"href":"https:\/\/broomballer.ca\/fr\/wp-json\/wp\/v2\/product"}],"about":[{"href":"https:\/\/broomballer.ca\/fr\/wp-json\/wp\/v2\/types\/product"}],"replies":[{"embeddable":true,"href":"https:\/\/broomballer.ca\/fr\/wp-json\/wp\/v2\/comments?post=5943"}],"wp:featuredmedia":[{"embeddable":true,"href":"https:\/\/broomballer.ca\/fr\/wp-json\/wp\/v2\/media\/5697"}],"wp:attachment":[{"href":"https:\/\/broomballer.ca\/fr\/wp-json\/wp\/v2\/media?parent=5943"}],"wp:term":[{"taxonomy":"product_cat","embeddable":true,"href":"https:\/\/broomballer.ca\/fr\/wp-json\/wp\/v2\/product_cat?post=5943"},{"taxonomy":"product_tag","embeddable":true,"href":"https:\/\/broomballer.ca\/fr\/wp-json\/wp\/v2\/product_tag?post=5943"}],"curies":[{"name":"wp","href":"https:\/\/api.w.org\/{rel}","templated":true}]}}