{"id":5945,"date":"2022-04-09T09:56:17","date_gmt":"2022-04-09T13:56:17","guid":{"rendered":"https:\/\/broomballer.ca\/product\/h-5-1-chaussures\/"},"modified":"2024-09-18T20:50:21","modified_gmt":"2024-09-19T00:50:21","slug":"soulier-h-5-1","status":"publish","type":"product","link":"https:\/\/broomballer.ca\/fr\/produit\/soulier-h-5-1\/","title":{"rendered":"Soulier H-5.1"},"content":{"rendered":"","protected":false},"excerpt":{"rendered":"<ul>\n<li><em>Protection sur l&#8217;embout et talon de protection am\u00e9lior\u00e9s<\/em><\/li>\n<li><em>Semelle int\u00e9rieure press\u00e9e \u00e0 chaud<\/em><\/li>\n<li><em>Semelle ext\u00e9rieure cousue<\/em><\/li>\n<li><em>Lacets am\u00e9lior\u00e9s (sans \u0153illets)<\/em><\/li>\n<\/ul>\n<p>  La semelle Pure Pro a maintenant de nouvelles caract\u00e9ristiques am\u00e9lior\u00e9es ! Pas besoin de \u00a0\u00bbcasser\u00a0\u00bb la semelle, elle offre la meilleure traction du march\u00e9 d\u00e8s sa sortie de la bo\u00eete. Le soulier H-5.0 Super Pro est con\u00e7u pour la vitesse et l&rsquo;agilit\u00e9. Ne laissez pas la victoire glisser sous vos pieds !<\/p>\n","protected":false},"featured_media":5698,"comment_status":"closed","ping_status":"closed","template":"","meta":{"site-sidebar-layout":"default","site-content-layout":"default","ast-global-header-display":"","ast-main-header-display":"","ast-hfb-above-header-display":"","ast-hfb-below-header-display":"","ast-hfb-mobile-header-display":"","site-post-title":"","ast-breadcrumbs-content":"","ast-featured-img":"","footer-sml-layout":"","theme-transparent-header-meta":"default","adv-header-id-meta":"","stick-header-meta":"","header-above-stick-meta":"","header-main-stick-meta":"","header-below-stick-meta":"","spay_email":"","jetpack_publicize_message":"","jetpack_is_tweetstorm":false,"jetpack_publicize_feature_enabled":true},"product_cat":[217],"product_tag":[],"class_list":["post-5945","product","type-product","status-publish","has-post-thumbnail","hentry","product_cat-chaussures"],"_links":{"self":[{"href":"https:\/\/broomballer.ca\/fr\/wp-json\/wp\/v2\/product\/5945","targetHints":{"allow":["GET"]}}],"collection":[{"href":"https:\/\/broomballer.ca\/fr\/wp-json\/wp\/v2\/product"}],"about":[{"href":"https:\/\/broomballer.ca\/fr\/wp-json\/wp\/v2\/types\/product"}],"replies":[{"embeddable":true,"href":"https:\/\/broomballer.ca\/fr\/wp-json\/wp\/v2\/comments?post=5945"}],"wp:featuredmedia":[{"embeddable":true,"href":"https:\/\/broomballer.ca\/fr\/wp-json\/wp\/v2\/media\/5698"}],"wp:attachment":[{"href":"https:\/\/broomballer.ca\/fr\/wp-json\/wp\/v2\/media?parent=5945"}],"wp:term":[{"taxonomy":"product_cat","embeddable":true,"href":"https:\/\/broomballer.ca\/fr\/wp-json\/wp\/v2\/product_cat?post=5945"},{"taxonomy":"product_tag","embeddable":true,"href":"https:\/\/broomballer.ca\/fr\/wp-json\/wp\/v2\/product_tag?post=5945"}],"curies":[{"name":"wp","href":"https:\/\/api.w.org\/{rel}","templated":true}]}}