{"id":6229,"date":"2022-09-30T22:51:15","date_gmt":"2022-10-01T02:51:15","guid":{"rendered":"https:\/\/broomballer.ca\/?post_type=product&#038;p=6229"},"modified":"2022-12-16T22:58:04","modified_gmt":"2022-12-17T02:58:04","slug":"surge-h-4","status":"publish","type":"product","link":"https:\/\/broomballer.ca\/fr\/produit\/surge-h-4\/","title":{"rendered":"Surge H-4"},"content":{"rendered":"","protected":false},"excerpt":{"rendered":"<p><strong>B\u00e2ton d&rsquo;entr\u00e9e de gamme. T\u00eate non marquante en fait le balai id\u00e9al pour les salles de sport int\u00e9rieures. <\/strong><\/p>\n<p><strong>Caract\u00e9ristiques :<\/strong><\/p>\n<ul>\n<li><strong>En bois durable<\/strong><\/li>\n<li><strong>Conception l\u00e9g\u00e8re<\/strong><\/li>\n<li><strong>Coins pr\u00e9-arrondis<\/strong><\/li>\n<li><strong>Bords ext\u00e9rieurs nervur\u00e9s pour un meilleur contr\u00f4le du ballon<\/strong><\/li>\n<li><strong>T\u00eate surdimensionn\u00e9e pour une meilleure passe et un meilleur contr\u00f4le du ballon<\/strong><\/li>\n<\/ul>\n<p><strong>*Le balai mesure 47.5&Prime; avec la t\u00eate attach\u00e9e. Peut \u00eatre coup\u00e9 sur mesure. <\/strong><\/p>\n","protected":false},"featured_media":6986,"comment_status":"closed","ping_status":"closed","template":"","meta":{"site-sidebar-layout":"default","site-content-layout":"default","ast-global-header-display":"","ast-main-header-display":"","ast-hfb-above-header-display":"","ast-hfb-below-header-display":"","ast-hfb-mobile-header-display":"","site-post-title":"","ast-breadcrumbs-content":"","ast-featured-img":"","footer-sml-layout":"","theme-transparent-header-meta":"default","adv-header-id-meta":"","stick-header-meta":"","header-above-stick-meta":"","header-main-stick-meta":"","header-below-stick-meta":"","spay_email":"","jetpack_publicize_message":"","jetpack_is_tweetstorm":false,"jetpack_publicize_feature_enabled":true},"product_cat":[216],"product_tag":[],"class_list":["post-6229","product","type-product","status-publish","has-post-thumbnail","hentry","product_cat-batons"],"_links":{"self":[{"href":"https:\/\/broomballer.ca\/fr\/wp-json\/wp\/v2\/product\/6229","targetHints":{"allow":["GET"]}}],"collection":[{"href":"https:\/\/broomballer.ca\/fr\/wp-json\/wp\/v2\/product"}],"about":[{"href":"https:\/\/broomballer.ca\/fr\/wp-json\/wp\/v2\/types\/product"}],"replies":[{"embeddable":true,"href":"https:\/\/broomballer.ca\/fr\/wp-json\/wp\/v2\/comments?post=6229"}],"wp:featuredmedia":[{"embeddable":true,"href":"https:\/\/broomballer.ca\/fr\/wp-json\/wp\/v2\/media\/6986"}],"wp:attachment":[{"href":"https:\/\/broomballer.ca\/fr\/wp-json\/wp\/v2\/media?parent=6229"}],"wp:term":[{"taxonomy":"product_cat","embeddable":true,"href":"https:\/\/broomballer.ca\/fr\/wp-json\/wp\/v2\/product_cat?post=6229"},{"taxonomy":"product_tag","embeddable":true,"href":"https:\/\/broomballer.ca\/fr\/wp-json\/wp\/v2\/product_tag?post=6229"}],"curies":[{"name":"wp","href":"https:\/\/api.w.org\/{rel}","templated":true}]}}