{"id":6237,"date":"2020-07-16T21:22:08","date_gmt":"2020-07-17T01:22:08","guid":{"rendered":"https:\/\/broomballer.ca\/product\/sac-h-5\/"},"modified":"2022-10-08T10:16:42","modified_gmt":"2022-10-08T14:16:42","slug":"sac-h-5","status":"publish","type":"product","link":"https:\/\/broomballer.ca\/fr\/produit\/sac-h-5\/","title":{"rendered":"Sac H-5"},"content":{"rendered":"<p>\u00c9quip\u00e9 d&rsquo;un espace de rangement de 42\u2033 pour les b\u00e2tons.<\/p>\n<p>Fait d&rsquo;un mat\u00e9riau durable et d&rsquo;une fermeture \u00e9clair industrielle.<\/p>\n","protected":false},"excerpt":{"rendered":"<p>\u00c9quip\u00e9 d&rsquo;un espace de rangement pour les b\u00e2tons.<\/p>\n<p>Fait d&rsquo;un mat\u00e9riau durable et d&rsquo;une fermeture \u00e9clair industrielle.<\/p>\n<p>5 compartiments de rangement<\/p>\n","protected":false},"featured_media":6156,"comment_status":"open","ping_status":"closed","template":"","meta":{"site-sidebar-layout":"default","site-content-layout":"default","ast-global-header-display":"","ast-main-header-display":"","ast-hfb-above-header-display":"","ast-hfb-below-header-display":"","ast-hfb-mobile-header-display":"","site-post-title":"","ast-breadcrumbs-content":"","ast-featured-img":"","footer-sml-layout":"","theme-transparent-header-meta":"default","adv-header-id-meta":"","stick-header-meta":"","header-above-stick-meta":"","header-main-stick-meta":"","header-below-stick-meta":"","spay_email":"","jetpack_publicize_message":"","jetpack_is_tweetstorm":false,"jetpack_publicize_feature_enabled":true},"product_cat":[221],"product_tag":[],"class_list":["post-6237","product","type-product","status-publish","has-post-thumbnail","hentry","product_cat-sacs","product_shipping_class-equipement-gros-fr"],"_links":{"self":[{"href":"https:\/\/broomballer.ca\/fr\/wp-json\/wp\/v2\/product\/6237","targetHints":{"allow":["GET"]}}],"collection":[{"href":"https:\/\/broomballer.ca\/fr\/wp-json\/wp\/v2\/product"}],"about":[{"href":"https:\/\/broomballer.ca\/fr\/wp-json\/wp\/v2\/types\/product"}],"replies":[{"embeddable":true,"href":"https:\/\/broomballer.ca\/fr\/wp-json\/wp\/v2\/comments?post=6237"}],"wp:featuredmedia":[{"embeddable":true,"href":"https:\/\/broomballer.ca\/fr\/wp-json\/wp\/v2\/media\/6156"}],"wp:attachment":[{"href":"https:\/\/broomballer.ca\/fr\/wp-json\/wp\/v2\/media?parent=6237"}],"wp:term":[{"taxonomy":"product_cat","embeddable":true,"href":"https:\/\/broomballer.ca\/fr\/wp-json\/wp\/v2\/product_cat?post=6237"},{"taxonomy":"product_tag","embeddable":true,"href":"https:\/\/broomballer.ca\/fr\/wp-json\/wp\/v2\/product_tag?post=6237"}],"curies":[{"name":"wp","href":"https:\/\/api.w.org\/{rel}","templated":true}]}}