{"id":6243,"date":"2020-07-11T20:27:08","date_gmt":"2020-07-12T00:27:08","guid":{"rendered":"https:\/\/broomballer.ca\/product\/gants-h-3\/"},"modified":"2025-03-22T22:32:10","modified_gmt":"2025-03-23T02:32:10","slug":"gant-h-3","status":"publish","type":"product","link":"https:\/\/broomballer.ca\/fr\/produit\/gant-h-3\/","title":{"rendered":"Gants H-3"},"content":{"rendered":"","protected":false},"excerpt":{"rendered":"<p>Rembourrage en mousse haute densit\u00e9.<br \/>\nPoignet ouvert de type Lacrosse.<br \/>\nPaume en nash double couche.<br \/>\nDext\u00e9rit\u00e9 sup\u00e9rieure des doigts.<br \/>\nPermet un maniement optimal de la crosse.<\/p>\n","protected":false},"featured_media":6412,"comment_status":"open","ping_status":"closed","template":"","meta":{"site-sidebar-layout":"default","site-content-layout":"default","ast-global-header-display":"","ast-main-header-display":"","ast-hfb-above-header-display":"","ast-hfb-below-header-display":"","ast-hfb-mobile-header-display":"","site-post-title":"","ast-breadcrumbs-content":"","ast-featured-img":"","footer-sml-layout":"","theme-transparent-header-meta":"default","adv-header-id-meta":"","stick-header-meta":"","header-above-stick-meta":"","header-main-stick-meta":"","header-below-stick-meta":"","spay_email":"","jetpack_publicize_message":"","jetpack_is_tweetstorm":false,"jetpack_publicize_feature_enabled":true},"product_cat":[215],"product_tag":[],"class_list":["post-6243","product","type-product","status-publish","has-post-thumbnail","hentry","product_cat-protection-fr","product_shipping_class-equipement-petit-fr"],"_links":{"self":[{"href":"https:\/\/broomballer.ca\/fr\/wp-json\/wp\/v2\/product\/6243","targetHints":{"allow":["GET"]}}],"collection":[{"href":"https:\/\/broomballer.ca\/fr\/wp-json\/wp\/v2\/product"}],"about":[{"href":"https:\/\/broomballer.ca\/fr\/wp-json\/wp\/v2\/types\/product"}],"replies":[{"embeddable":true,"href":"https:\/\/broomballer.ca\/fr\/wp-json\/wp\/v2\/comments?post=6243"}],"wp:featuredmedia":[{"embeddable":true,"href":"https:\/\/broomballer.ca\/fr\/wp-json\/wp\/v2\/media\/6412"}],"wp:attachment":[{"href":"https:\/\/broomballer.ca\/fr\/wp-json\/wp\/v2\/media?parent=6243"}],"wp:term":[{"taxonomy":"product_cat","embeddable":true,"href":"https:\/\/broomballer.ca\/fr\/wp-json\/wp\/v2\/product_cat?post=6243"},{"taxonomy":"product_tag","embeddable":true,"href":"https:\/\/broomballer.ca\/fr\/wp-json\/wp\/v2\/product_tag?post=6243"}],"curies":[{"name":"wp","href":"https:\/\/api.w.org\/{rel}","templated":true}]}}