{"id":6334,"date":"2020-07-12T16:38:08","date_gmt":"2020-07-12T20:38:08","guid":{"rendered":"https:\/\/broomballer.ca\/product\/gants-h-3-pro\/"},"modified":"2022-10-10T14:12:32","modified_gmt":"2022-10-10T18:12:32","slug":"gant-h-3-pro","status":"publish","type":"product","link":"https:\/\/broomballer.ca\/fr\/produit\/gant-h-3-pro\/","title":{"rendered":"Gants H-3 Pro"},"content":{"rendered":"","protected":false},"excerpt":{"rendered":"<p>S&rsquo;adapte parfaitement \u00e0 la main<\/p>\n<p>Plus de protection sans compromettre le mouvement de la main<\/p>\n<p>Zone d&rsquo;adh\u00e9rence suppl\u00e9mentaire dans la paume de la main<\/p>\n<p>Con\u00e7u pour un contr\u00f4le absolu du b\u00e2ton<\/p>\n","protected":false},"featured_media":5793,"comment_status":"open","ping_status":"closed","template":"","meta":{"site-sidebar-layout":"default","site-content-layout":"default","ast-global-header-display":"","ast-main-header-display":"","ast-hfb-above-header-display":"","ast-hfb-below-header-display":"","ast-hfb-mobile-header-display":"","site-post-title":"","ast-breadcrumbs-content":"","ast-featured-img":"","footer-sml-layout":"","theme-transparent-header-meta":"default","adv-header-id-meta":"","stick-header-meta":"","header-above-stick-meta":"","header-main-stick-meta":"","header-below-stick-meta":"","spay_email":"","jetpack_publicize_message":"","jetpack_is_tweetstorm":false,"jetpack_publicize_feature_enabled":true},"product_cat":[215],"product_tag":[],"class_list":["post-6334","product","type-product","status-publish","has-post-thumbnail","hentry","product_cat-protection-fr","product_shipping_class-equipement-petit-fr"],"_links":{"self":[{"href":"https:\/\/broomballer.ca\/fr\/wp-json\/wp\/v2\/product\/6334","targetHints":{"allow":["GET"]}}],"collection":[{"href":"https:\/\/broomballer.ca\/fr\/wp-json\/wp\/v2\/product"}],"about":[{"href":"https:\/\/broomballer.ca\/fr\/wp-json\/wp\/v2\/types\/product"}],"replies":[{"embeddable":true,"href":"https:\/\/broomballer.ca\/fr\/wp-json\/wp\/v2\/comments?post=6334"}],"wp:featuredmedia":[{"embeddable":true,"href":"https:\/\/broomballer.ca\/fr\/wp-json\/wp\/v2\/media\/5793"}],"wp:attachment":[{"href":"https:\/\/broomballer.ca\/fr\/wp-json\/wp\/v2\/media?parent=6334"}],"wp:term":[{"taxonomy":"product_cat","embeddable":true,"href":"https:\/\/broomballer.ca\/fr\/wp-json\/wp\/v2\/product_cat?post=6334"},{"taxonomy":"product_tag","embeddable":true,"href":"https:\/\/broomballer.ca\/fr\/wp-json\/wp\/v2\/product_tag?post=6334"}],"curies":[{"name":"wp","href":"https:\/\/api.w.org\/{rel}","templated":true}]}}