{"id":6356,"date":"2020-07-11T17:01:10","date_gmt":"2020-07-11T21:01:10","guid":{"rendered":"https:\/\/broomballer.ca\/product\/jambiere-h-5\/"},"modified":"2024-07-09T22:22:43","modified_gmt":"2024-07-10T02:22:43","slug":"jambiere-h-5","status":"publish","type":"product","link":"https:\/\/broomballer.ca\/fr\/produit\/jambiere-h-5\/","title":{"rendered":"Jambi\u00e8res H-5"},"content":{"rendered":"","protected":false},"excerpt":{"rendered":"<p>Les jambi\u00e8res H-5 sont con\u00e7us pour s&rsquo;adapter \u00e0 tous les types de jambes. Ces jambi\u00e8res ultra-l\u00e9gere dispose d&rsquo;un r\u00e9glage en 3 parties pour un ajustement parfait.<\/p>\n","protected":false},"featured_media":6406,"comment_status":"open","ping_status":"closed","template":"","meta":{"site-sidebar-layout":"default","site-content-layout":"default","ast-global-header-display":"","ast-main-header-display":"","ast-hfb-above-header-display":"","ast-hfb-below-header-display":"","ast-hfb-mobile-header-display":"","site-post-title":"","ast-breadcrumbs-content":"","ast-featured-img":"","footer-sml-layout":"","theme-transparent-header-meta":"default","adv-header-id-meta":"","stick-header-meta":"","header-above-stick-meta":"","header-main-stick-meta":"","header-below-stick-meta":"","spay_email":"","jetpack_publicize_message":"","jetpack_is_tweetstorm":false,"jetpack_publicize_feature_enabled":true},"product_cat":[215],"product_tag":[],"class_list":["post-6356","product","type-product","status-publish","has-post-thumbnail","hentry","product_cat-protection-fr","product_shipping_class-equipement-gros-fr"],"_links":{"self":[{"href":"https:\/\/broomballer.ca\/fr\/wp-json\/wp\/v2\/product\/6356","targetHints":{"allow":["GET"]}}],"collection":[{"href":"https:\/\/broomballer.ca\/fr\/wp-json\/wp\/v2\/product"}],"about":[{"href":"https:\/\/broomballer.ca\/fr\/wp-json\/wp\/v2\/types\/product"}],"replies":[{"embeddable":true,"href":"https:\/\/broomballer.ca\/fr\/wp-json\/wp\/v2\/comments?post=6356"}],"wp:featuredmedia":[{"embeddable":true,"href":"https:\/\/broomballer.ca\/fr\/wp-json\/wp\/v2\/media\/6406"}],"wp:attachment":[{"href":"https:\/\/broomballer.ca\/fr\/wp-json\/wp\/v2\/media?parent=6356"}],"wp:term":[{"taxonomy":"product_cat","embeddable":true,"href":"https:\/\/broomballer.ca\/fr\/wp-json\/wp\/v2\/product_cat?post=6356"},{"taxonomy":"product_tag","embeddable":true,"href":"https:\/\/broomballer.ca\/fr\/wp-json\/wp\/v2\/product_tag?post=6356"}],"curies":[{"name":"wp","href":"https:\/\/api.w.org\/{rel}","templated":true}]}}