{"id":6793,"date":"2020-07-16T22:03:57","date_gmt":"2020-07-17T02:03:57","guid":{"rendered":"https:\/\/broomballer.ca\/product\/protege-coude-h-1\/"},"modified":"2024-09-18T20:58:56","modified_gmt":"2024-09-19T00:58:56","slug":"protege-coude-h-1","status":"publish","type":"product","link":"https:\/\/broomballer.ca\/fr\/produit\/protege-coude-h-1\/","title":{"rendered":"Coude H-1"},"content":{"rendered":"","protected":false},"excerpt":{"rendered":"<div class=\"content\">&#8211; Rembourrage en mousse haute densit\u00e9 press\u00e9e \u00e0 chaud *Nouveau et am\u00e9lior\u00e9 pour une meilleure durabilit\u00e9\/long\u00e9vit\u00e9 ! &#8211; Fournit une compression et prot\u00e8ge le coude &#8211; Mati\u00e8re \u00e9vacuant l&rsquo;humidit\u00e9 &#8211; Couture profil\u00e9e confortable et flexible &#8211; Comprend une paire.<\/div>\n<div class=\"content\"><\/div>\n<div class=\"content\">Mat\u00e9riau : M\u00e9lange de polyester et de spandex<\/div>\n<div class=\"content\">Tailles : S, M, L, XL, XXL<\/div>\n","protected":false},"featured_media":5555,"comment_status":"open","ping_status":"closed","template":"","meta":{"site-sidebar-layout":"default","site-content-layout":"default","ast-global-header-display":"","ast-main-header-display":"","ast-hfb-above-header-display":"","ast-hfb-below-header-display":"","ast-hfb-mobile-header-display":"","site-post-title":"","ast-breadcrumbs-content":"","ast-featured-img":"","footer-sml-layout":"","theme-transparent-header-meta":"default","adv-header-id-meta":"","stick-header-meta":"","header-above-stick-meta":"","header-main-stick-meta":"","header-below-stick-meta":"","spay_email":"","jetpack_publicize_message":"","jetpack_is_tweetstorm":false,"jetpack_publicize_feature_enabled":true},"product_cat":[215],"product_tag":[],"class_list":["post-6793","product","type-product","status-publish","has-post-thumbnail","hentry","product_cat-protection-fr","product_shipping_class-equipement-petit-fr"],"_links":{"self":[{"href":"https:\/\/broomballer.ca\/fr\/wp-json\/wp\/v2\/product\/6793","targetHints":{"allow":["GET"]}}],"collection":[{"href":"https:\/\/broomballer.ca\/fr\/wp-json\/wp\/v2\/product"}],"about":[{"href":"https:\/\/broomballer.ca\/fr\/wp-json\/wp\/v2\/types\/product"}],"replies":[{"embeddable":true,"href":"https:\/\/broomballer.ca\/fr\/wp-json\/wp\/v2\/comments?post=6793"}],"wp:featuredmedia":[{"embeddable":true,"href":"https:\/\/broomballer.ca\/fr\/wp-json\/wp\/v2\/media\/5555"}],"wp:attachment":[{"href":"https:\/\/broomballer.ca\/fr\/wp-json\/wp\/v2\/media?parent=6793"}],"wp:term":[{"taxonomy":"product_cat","embeddable":true,"href":"https:\/\/broomballer.ca\/fr\/wp-json\/wp\/v2\/product_cat?post=6793"},{"taxonomy":"product_tag","embeddable":true,"href":"https:\/\/broomballer.ca\/fr\/wp-json\/wp\/v2\/product_tag?post=6793"}],"curies":[{"name":"wp","href":"https:\/\/api.w.org\/{rel}","templated":true}]}}