{"id":7773,"date":"2020-07-11T17:31:01","date_gmt":"2020-07-11T21:31:01","guid":{"rendered":"https:\/\/broomballer.ca\/product\/etincelle\/"},"modified":"2024-02-07T22:19:34","modified_gmt":"2024-02-08T02:19:34","slug":"etincelle","status":"publish","type":"product","link":"https:\/\/broomballer.ca\/fr\/produit\/etincelle\/","title":{"rendered":"Spark"},"content":{"rendered":"","protected":false},"excerpt":{"rendered":"<p>Les enfants sont l&rsquo;avenir de ce sport que nous aimons tant. Spark est con\u00e7u pour les jeunes joueurs. Le Spark poss\u00e8de une t\u00eate non marquante et un manche en aluminium de la m\u00eame forme ergonomique et confortable que nos b\u00e2tons pour adultes.<\/p>\n<p>Le Spark 33 mesure 33\u2033 de long et est destin\u00e9 aux joueurs d&rsquo;environ 3\u2032 4\u2033-4\u2032 2\u2033 de haut.<\/p>\n<p>Le Spark 39 mesure 39\u2033 de long et est destin\u00e9 aux joueurs de grandeur d&rsquo;environ 4\u2032 2\u2033-4\u2032 11\u2033<\/p>\n","protected":false},"featured_media":8630,"comment_status":"open","ping_status":"closed","template":"","meta":{"site-sidebar-layout":"default","site-content-layout":"default","ast-global-header-display":"","ast-main-header-display":"","ast-hfb-above-header-display":"","ast-hfb-below-header-display":"","ast-hfb-mobile-header-display":"","site-post-title":"","ast-breadcrumbs-content":"","ast-featured-img":"","footer-sml-layout":"","theme-transparent-header-meta":"default","adv-header-id-meta":"","stick-header-meta":"","header-above-stick-meta":"","header-main-stick-meta":"","header-below-stick-meta":"","spay_email":"","jetpack_publicize_message":"","jetpack_is_tweetstorm":false,"jetpack_publicize_feature_enabled":true},"product_cat":[216],"product_tag":[],"class_list":["post-7773","product","type-product","status-publish","has-post-thumbnail","hentry","product_cat-batons","product_shipping_class-arbre"],"_links":{"self":[{"href":"https:\/\/broomballer.ca\/fr\/wp-json\/wp\/v2\/product\/7773","targetHints":{"allow":["GET"]}}],"collection":[{"href":"https:\/\/broomballer.ca\/fr\/wp-json\/wp\/v2\/product"}],"about":[{"href":"https:\/\/broomballer.ca\/fr\/wp-json\/wp\/v2\/types\/product"}],"replies":[{"embeddable":true,"href":"https:\/\/broomballer.ca\/fr\/wp-json\/wp\/v2\/comments?post=7773"}],"wp:featuredmedia":[{"embeddable":true,"href":"https:\/\/broomballer.ca\/fr\/wp-json\/wp\/v2\/media\/8630"}],"wp:attachment":[{"href":"https:\/\/broomballer.ca\/fr\/wp-json\/wp\/v2\/media?parent=7773"}],"wp:term":[{"taxonomy":"product_cat","embeddable":true,"href":"https:\/\/broomballer.ca\/fr\/wp-json\/wp\/v2\/product_cat?post=7773"},{"taxonomy":"product_tag","embeddable":true,"href":"https:\/\/broomballer.ca\/fr\/wp-json\/wp\/v2\/product_tag?post=7773"}],"curies":[{"name":"wp","href":"https:\/\/api.w.org\/{rel}","templated":true}]}}