{"id":7802,"date":"2022-02-25T16:17:19","date_gmt":"2022-02-25T20:17:19","guid":{"rendered":"https:\/\/broomballer.ca\/product\/icon-noir\/"},"modified":"2025-11-30T21:00:40","modified_gmt":"2025-12-01T01:00:40","slug":"icone-noir","status":"publish","type":"product","link":"https:\/\/broomballer.ca\/fr\/produit\/icone-noir\/","title":{"rendered":"Icon Noir"},"content":{"rendered":"<p class=\"\">Le Blue Ox Icon est destin\u00e9 aux joueurs qui veulent la norme d&rsquo;excellence : le manche en alliage d&rsquo;aluminium l\u00e9ger le plus performant et le plus r\u00e9sistant, associ\u00e9 \u00e0 un choix de t\u00eates parmi les meilleures de l&rsquo;industrie.<\/p>\n<p>Notre mod\u00e8le standard est de 46&Prime; de long, avec un manche en or et une t\u00eate droite noire l\u00e9g\u00e8re (7 oz). Les b\u00e2tons Icon sont \u00e9galement disponibles avec de nombreuses options de t\u00eate et de manche :<\/p>\n<p><strong>T\u00eate :<\/strong> La forme de la t\u00eate Delta offre un superbe maniement du ballon et les angles lat\u00e9raux que les joueurs exp\u00e9riment\u00e9s pr\u00e9f\u00e8rent. Les guides de coupe vous permettent de jouer en taille r\u00e9elle ou de couper facilement les coins selon vos pr\u00e9f\u00e9rences personnelles. La t\u00eate Delta est disponible dans un \u00e9ventail de courbes et de poids qui r\u00e9pondront aux besoins de tous les joueurs, et elle est disponible en plusieurs couleurs.<\/p>\n<p><em>Courbes :<\/em> La t\u00eate Delta est disponible en tant que t\u00eate droite traditionnelle et en 3 courbes :<\/p>\n<ul data-rte-list=\"default\">\n<li>\n<p class=\"\">Courbe de 5 mm : les 4 derniers cm de la t\u00eate sont courb\u00e9s vers le haut de 5 mm pour faciliter l&rsquo;\u00e9l\u00e9vation des coups de poignet et un maniement plus agressif ; les 15 premiers cm de la t\u00eate restent droits pour pr\u00e9server la facilit\u00e9 des passes de revers, des flips et des tirs.<\/p>\n<\/li>\n<li>\n<p class=\"\">Courbe de 10 mm : les 5 derniers cm de la t\u00eate sont courb\u00e9s vers le haut de 10 mm pour faciliter l&rsquo;\u00e9l\u00e9vation des coups de poignet et un maniement plus agressif ; les 14 premiers cm de la t\u00eate restent droits pour pr\u00e9server la pr\u00e9cision des passes de revers, des flips et des tirs.<\/p>\n<\/li>\n<li>\n<p class=\"\">Courbe de 20 mm : les 6 derniers cm de la t\u00eate sont courb\u00e9s vers le haut de 20 mm pour une \u00e9l\u00e9vation incroyable des coups de poignet et un maniement extr\u00eamement agressif ; les 13 premiers cm de la t\u00eate restent droits afin de pr\u00e9server certaines passes de revers, flips et tirs. Le rayon de la courbe de 20 mm correspond \u00e0 la courbe du ballon pour une r\u00e9tention maximale.<\/p>\n<\/li>\n<\/ul>\n<p class=\"\"><em>Poids : <\/em>La t\u00eate Delta est disponible en 3 poids :<\/p>\n<ul data-rte-list=\"default\">\n<li>\n<p class=\"\">7 oz : cette t\u00eate Delta de poids standard est le meilleur choix pour la plupart des joueurs.  <strong>Cette t\u00eate est disponible en noir, bleu, vert, rose, jaune, blanc et rouge, et est disponible en version droite et en courbes de 5 mm, 10 mm et 20 mm.<\/strong><\/p>\n<\/li>\n<li>\n<p class=\"\">8 oz : cette t\u00eate Delta de poids moyen offre une l\u00e9g\u00e8re augmentation du poids, de l&rsquo;adh\u00e9rence et des performances par temps froid, ce qui en fait une option pour les joueurs tr\u00e8s forts ou pour une utilisation en ext\u00e9rieur.  <strong>Cette t\u00eate est disponible en orange ou en gris, et n&rsquo;est disponible que sous forme de t\u00eate droite.<\/strong><\/p>\n<\/li>\n<li>\n<p class=\"\">9 oz : cette t\u00eate Delta lourde est une option pour les joueurs qui aiment les sensations lourdes pour une puissance de tir maximale.  <strong>Cette t\u00eate est disponible en gris fonc\u00e9, et est uniquement disponible en tant que t\u00eate droite.<\/strong><\/p>\n<\/li>\n<\/ul>\n<p class=\"\"><strong>Manche :<\/strong> Fabriqu\u00e9 en alliage d&rsquo;aluminium C405, notre manche Icon est le plus r\u00e9sistant et le plus l\u00e9ger de la gamme Blue Ox. La forme ergonomique unique de notre manche, d\u00e9velopp\u00e9e sp\u00e9cifiquement pour le ballon-balai, optimise les performances et offre une prise en main confortable. Les shafts Icon sont disponibles en deux couleurs. L&rsquo;Icon est \u00e9galement disponible avec une option de manche Xtralite \u00e0 paroi mince (couleur or uniquement), plus l\u00e9ger et adapt\u00e9 aux joueurs plus petits ou moins agressifs. Le manche standard Icon p\u00e8se 12 oz ; le manche Xtralite p\u00e8se 10 oz.<\/p>\n<p><em>Longueur : <\/em>Les b\u00e2tons Icon sont disponibles en deux longueurs standard : 46&Prime; (standard), et 52&Prime; (standard long). Icon est \u00e9galement disponible en longueurs personnalis\u00e9es.<\/p>\n<p class=\"\">Fabriqu\u00e9 100% au USA<\/p>\n","protected":false},"excerpt":{"rendered":"<p>Le Blue Ox Icon est destin\u00e9 aux joueurs qui veulent la norme d&rsquo;excellence : le manche en alliage d&rsquo;aluminium l\u00e9ger le plus performant et le plus r\u00e9sistant, associ\u00e9 \u00e0 un choix de t\u00eates parmi les meilleures de l&rsquo;industrie.<\/p>\n","protected":false},"featured_media":6203,"comment_status":"open","ping_status":"closed","template":"","meta":{"site-sidebar-layout":"default","site-content-layout":"default","ast-global-header-display":"","ast-main-header-display":"","ast-hfb-above-header-display":"","ast-hfb-below-header-display":"","ast-hfb-mobile-header-display":"","site-post-title":"","ast-breadcrumbs-content":"","ast-featured-img":"","footer-sml-layout":"","theme-transparent-header-meta":"default","adv-header-id-meta":"","stick-header-meta":"","header-above-stick-meta":"","header-main-stick-meta":"","header-below-stick-meta":"","spay_email":"","jetpack_publicize_message":"","jetpack_is_tweetstorm":false,"jetpack_publicize_feature_enabled":true},"product_cat":[216],"product_tag":[],"class_list":["post-7802","product","type-product","status-publish","has-post-thumbnail","hentry","product_cat-batons","product_shipping_class-manche-fr"],"_links":{"self":[{"href":"https:\/\/broomballer.ca\/fr\/wp-json\/wp\/v2\/product\/7802","targetHints":{"allow":["GET"]}}],"collection":[{"href":"https:\/\/broomballer.ca\/fr\/wp-json\/wp\/v2\/product"}],"about":[{"href":"https:\/\/broomballer.ca\/fr\/wp-json\/wp\/v2\/types\/product"}],"replies":[{"embeddable":true,"href":"https:\/\/broomballer.ca\/fr\/wp-json\/wp\/v2\/comments?post=7802"}],"wp:featuredmedia":[{"embeddable":true,"href":"https:\/\/broomballer.ca\/fr\/wp-json\/wp\/v2\/media\/6203"}],"wp:attachment":[{"href":"https:\/\/broomballer.ca\/fr\/wp-json\/wp\/v2\/media?parent=7802"}],"wp:term":[{"taxonomy":"product_cat","embeddable":true,"href":"https:\/\/broomballer.ca\/fr\/wp-json\/wp\/v2\/product_cat?post=7802"},{"taxonomy":"product_tag","embeddable":true,"href":"https:\/\/broomballer.ca\/fr\/wp-json\/wp\/v2\/product_tag?post=7802"}],"curies":[{"name":"wp","href":"https:\/\/api.w.org\/{rel}","templated":true}]}}