{"id":7859,"date":"2020-08-03T20:42:59","date_gmt":"2020-08-04T00:42:59","guid":{"rendered":"https:\/\/broomballer.ca\/product\/delta-head-7-oz\/"},"modified":"2022-12-30T11:30:36","modified_gmt":"2022-12-30T15:30:36","slug":"tete-delta-7-oz","status":"publish","type":"product","link":"https:\/\/broomballer.ca\/fr\/produit\/tete-delta-7-oz\/","title":{"rendered":"T\u00eate Delta (7 oz.)"},"content":{"rendered":"<p><img loading=\"lazy\" decoding=\"async\" class=\"wp-image-2000 alignleft\" src=\"https:\/\/blueoxmontreal.com\/wp-content\/uploads\/2020\/08\/curvehead-02-02-185x300.png\" alt=\"\" width=\"183\" height=\"297\" srcset=\"https:\/\/broomballer.ca\/wp-content\/uploads\/2020\/08\/curvehead-02-02-185x300.png 185w, https:\/\/broomballer.ca\/wp-content\/uploads\/2020\/08\/curvehead-02-02.png 225w\" sizes=\"auto, (max-width: 183px) 100vw, 183px\" \/><img loading=\"lazy\" decoding=\"async\" class=\"wp-image-2001 alignleft\" src=\"https:\/\/blueoxmontreal.com\/wp-content\/uploads\/2020\/08\/curvehead-03-179x300.png\" alt=\"\" width=\"183\" height=\"307\" srcset=\"https:\/\/broomballer.ca\/wp-content\/uploads\/2020\/08\/curvehead-03-179x300.png 179w, https:\/\/broomballer.ca\/wp-content\/uploads\/2020\/08\/curvehead-03.png 219w\" sizes=\"auto, (max-width: 183px) 100vw, 183px\" \/><img loading=\"lazy\" decoding=\"async\" class=\"alignnone wp-image-2002\" src=\"https:\/\/blueoxmontreal.com\/wp-content\/uploads\/2020\/08\/curvehead-04-185x300.png\" alt=\"\" width=\"189\" height=\"307\" srcset=\"https:\/\/broomballer.ca\/wp-content\/uploads\/2020\/08\/curvehead-04-185x300.png 185w, https:\/\/broomballer.ca\/wp-content\/uploads\/2020\/08\/curvehead-04.png 219w\" sizes=\"auto, (max-width: 189px) 100vw, 189px\" \/><\/p>\n","protected":false},"excerpt":{"rendered":"<p class=\"\">La t\u00eate de remplacement DELTA de Blue Ox est destin\u00e9e aux joueurs qui veulent notre t\u00eate de remplacement la plus l\u00e9g\u00e8re.<\/p>\n<p class=\"\">L\u00e9ger &#8211; Un bon choix pour la plupart des joueurs.<\/p>\n<p class=\"\">Les guides de coupe vous permettent de jouer en taille r\u00e9elle ou de couper facilement les coins selon vos pr\u00e9f\u00e9rences personnelles.<\/p>\n<p class=\"\">Les bords plats offrent de larges zones de frappe pour des tirs pr\u00e9cis.<\/p>\n<p class=\"\">P\u00e9rim\u00e8tre sur\u00e9lev\u00e9 pour le contr\u00f4le du ballon &#8211; Maintient le ballon centr\u00e9 sur votre t\u00eate.<\/p>\n<p class=\"\">Mat\u00e9riau suppl\u00e9mentaire dans les zones critiques &#8211; Prolonge la dur\u00e9e de vie.<\/p>\n<p class=\"\">M\u00e9lange de polym\u00e8res exclusifs &#8211; Combinaison optimale de poids, de flexibilit\u00e9, d&rsquo;adh\u00e9rence et de durabilit\u00e9.<\/p>\n<p class=\"\">Disponible en noir, bleu, rose, blanc, vert, jaune et rouge.<\/p>\n","protected":false},"featured_media":6158,"comment_status":"closed","ping_status":"closed","template":"","meta":{"site-sidebar-layout":"default","site-content-layout":"default","ast-global-header-display":"","ast-main-header-display":"","ast-hfb-above-header-display":"","ast-hfb-below-header-display":"","ast-hfb-mobile-header-display":"","site-post-title":"","ast-breadcrumbs-content":"","ast-featured-img":"","footer-sml-layout":"","theme-transparent-header-meta":"default","adv-header-id-meta":"","stick-header-meta":"","header-above-stick-meta":"","header-main-stick-meta":"","header-below-stick-meta":"","spay_email":"","jetpack_publicize_message":"","jetpack_is_tweetstorm":false,"jetpack_publicize_feature_enabled":true},"product_cat":[224],"product_tag":[],"class_list":["post-7859","product","type-product","status-publish","has-post-thumbnail","hentry","product_cat-pieces-detachees","product_shipping_class-equipement-petit-fr"],"_links":{"self":[{"href":"https:\/\/broomballer.ca\/fr\/wp-json\/wp\/v2\/product\/7859","targetHints":{"allow":["GET"]}}],"collection":[{"href":"https:\/\/broomballer.ca\/fr\/wp-json\/wp\/v2\/product"}],"about":[{"href":"https:\/\/broomballer.ca\/fr\/wp-json\/wp\/v2\/types\/product"}],"replies":[{"embeddable":true,"href":"https:\/\/broomballer.ca\/fr\/wp-json\/wp\/v2\/comments?post=7859"}],"wp:featuredmedia":[{"embeddable":true,"href":"https:\/\/broomballer.ca\/fr\/wp-json\/wp\/v2\/media\/6158"}],"wp:attachment":[{"href":"https:\/\/broomballer.ca\/fr\/wp-json\/wp\/v2\/media?parent=7859"}],"wp:term":[{"taxonomy":"product_cat","embeddable":true,"href":"https:\/\/broomballer.ca\/fr\/wp-json\/wp\/v2\/product_cat?post=7859"},{"taxonomy":"product_tag","embeddable":true,"href":"https:\/\/broomballer.ca\/fr\/wp-json\/wp\/v2\/product_tag?post=7859"}],"curies":[{"name":"wp","href":"https:\/\/api.w.org\/{rel}","templated":true}]}}