{"id":7897,"date":"2020-08-02T20:01:39","date_gmt":"2020-08-03T00:01:39","guid":{"rendered":"https:\/\/broomballer.ca\/product\/arbre-de-gache-alliage-6061\/"},"modified":"2025-04-13T04:21:18","modified_gmt":"2025-04-13T08:21:18","slug":"manche-striker","status":"publish","type":"product","link":"https:\/\/broomballer.ca\/fr\/produit\/manche-striker\/","title":{"rendered":"Manche Striker (alliage 6061)"},"content":{"rendered":"","protected":false},"excerpt":{"rendered":"<p>Manche de remplacement pour les b\u00e2tons Striker.<\/p>\n<ul data-rte-list=\"default\">\n<li>Construction en alliage d&rsquo;aluminium 6061 dans notre forme ergonomique unique<\/li>\n<li>Longueur standard (46\u2033 apr\u00e8s l&rsquo;installation d&rsquo;une t\u00eate). \u00c9galement disponible en version extra longue (52\u2033 apr\u00e8s l&rsquo;installation d&rsquo;une t\u00eate).<\/li>\n<li>Fabriqu\u00e9 aux \u00c9tats-Unis<\/li>\n<\/ul>\n","protected":false},"featured_media":5519,"comment_status":"open","ping_status":"closed","template":"","meta":{"site-sidebar-layout":"default","site-content-layout":"default","ast-global-header-display":"","ast-main-header-display":"","ast-hfb-above-header-display":"","ast-hfb-below-header-display":"","ast-hfb-mobile-header-display":"","site-post-title":"","ast-breadcrumbs-content":"","ast-featured-img":"","footer-sml-layout":"","theme-transparent-header-meta":"default","adv-header-id-meta":"","stick-header-meta":"","header-above-stick-meta":"","header-main-stick-meta":"","header-below-stick-meta":"","spay_email":"","jetpack_publicize_message":"","jetpack_is_tweetstorm":false,"jetpack_publicize_feature_enabled":true},"product_cat":[224],"product_tag":[],"class_list":["post-7897","product","type-product","status-publish","has-post-thumbnail","hentry","product_cat-pieces-detachees","product_shipping_class-manche-fr"],"_links":{"self":[{"href":"https:\/\/broomballer.ca\/fr\/wp-json\/wp\/v2\/product\/7897","targetHints":{"allow":["GET"]}}],"collection":[{"href":"https:\/\/broomballer.ca\/fr\/wp-json\/wp\/v2\/product"}],"about":[{"href":"https:\/\/broomballer.ca\/fr\/wp-json\/wp\/v2\/types\/product"}],"replies":[{"embeddable":true,"href":"https:\/\/broomballer.ca\/fr\/wp-json\/wp\/v2\/comments?post=7897"}],"wp:featuredmedia":[{"embeddable":true,"href":"https:\/\/broomballer.ca\/fr\/wp-json\/wp\/v2\/media\/5519"}],"wp:attachment":[{"href":"https:\/\/broomballer.ca\/fr\/wp-json\/wp\/v2\/media?parent=7897"}],"wp:term":[{"taxonomy":"product_cat","embeddable":true,"href":"https:\/\/broomballer.ca\/fr\/wp-json\/wp\/v2\/product_cat?post=7897"},{"taxonomy":"product_tag","embeddable":true,"href":"https:\/\/broomballer.ca\/fr\/wp-json\/wp\/v2\/product_tag?post=7897"}],"curies":[{"name":"wp","href":"https:\/\/api.w.org\/{rel}","templated":true}]}}