{"id":7900,"date":"2020-08-03T23:22:45","date_gmt":"2020-08-04T03:22:45","guid":{"rendered":"https:\/\/broomballer.ca\/product\/delta-heavy-head-8-oz\/"},"modified":"2026-03-16T20:35:46","modified_gmt":"2026-03-17T00:35:46","slug":"tete-delta-lourde-8-oz","status":"publish","type":"product","link":"https:\/\/broomballer.ca\/fr\/produit\/tete-delta-lourde-8-oz\/","title":{"rendered":"T\u00eate Delta Lourde (8 oz.)"},"content":{"rendered":"","protected":false},"excerpt":{"rendered":"<p>Cette t\u00eate sp\u00e9cialis\u00e9e de poids moyen ajoute de la puissance et du contr\u00f4le \u00e0 votre jeu. La t\u00eate Delta Lourde est moul\u00e9 avec un m\u00e9lange de r\u00e9sine Sp\u00e9cialis\u00e9 qui ajoute environ 15% \u00e0 la masse, augmente l&rsquo;adh\u00e9rence et am\u00e9liore les performances par temps froid. Id\u00e9al pour les joueurs forts ou en ext\u00e9rieur.<\/p>\n<p>Disponible en couleur grise ou orange.<\/p>\n<p>15% plus lourde que notre t\u00eate Delta standard pour les joueurs forts, les joueurs d&rsquo;ext\u00e9rieur, ou toute autre personne pour qui la puissance de tir est la priorit\u00e9 absolue.<\/p>\n<p>Le p\u00e9rim\u00e8tre sur\u00e9lev\u00e9 maintient la balle centr\u00e9e sur votre t\u00eate.<\/p>\n<p>Les bords plats offrent de larges zones de frappe pour des tirs pr\u00e9cis.<\/p>\n<p>Les guides de coupe vous permettent de personnaliser facilement votre t\u00eate.<\/p>\n<p>Fabriqu\u00e9 100% au USA<\/p>\n","protected":false},"featured_media":6398,"comment_status":"open","ping_status":"closed","template":"","meta":{"site-sidebar-layout":"default","site-content-layout":"default","ast-global-header-display":"","ast-main-header-display":"","ast-hfb-above-header-display":"","ast-hfb-below-header-display":"","ast-hfb-mobile-header-display":"","site-post-title":"","ast-breadcrumbs-content":"","ast-featured-img":"","footer-sml-layout":"","theme-transparent-header-meta":"default","adv-header-id-meta":"","stick-header-meta":"","header-above-stick-meta":"","header-main-stick-meta":"","header-below-stick-meta":"","spay_email":"","jetpack_publicize_message":"","jetpack_is_tweetstorm":false,"jetpack_publicize_feature_enabled":true},"product_cat":[224],"product_tag":[],"class_list":["post-7900","product","type-product","status-publish","has-post-thumbnail","hentry","product_cat-pieces-detachees"],"_links":{"self":[{"href":"https:\/\/broomballer.ca\/fr\/wp-json\/wp\/v2\/product\/7900","targetHints":{"allow":["GET"]}}],"collection":[{"href":"https:\/\/broomballer.ca\/fr\/wp-json\/wp\/v2\/product"}],"about":[{"href":"https:\/\/broomballer.ca\/fr\/wp-json\/wp\/v2\/types\/product"}],"replies":[{"embeddable":true,"href":"https:\/\/broomballer.ca\/fr\/wp-json\/wp\/v2\/comments?post=7900"}],"wp:featuredmedia":[{"embeddable":true,"href":"https:\/\/broomballer.ca\/fr\/wp-json\/wp\/v2\/media\/6398"}],"wp:attachment":[{"href":"https:\/\/broomballer.ca\/fr\/wp-json\/wp\/v2\/media?parent=7900"}],"wp:term":[{"taxonomy":"product_cat","embeddable":true,"href":"https:\/\/broomballer.ca\/fr\/wp-json\/wp\/v2\/product_cat?post=7900"},{"taxonomy":"product_tag","embeddable":true,"href":"https:\/\/broomballer.ca\/fr\/wp-json\/wp\/v2\/product_tag?post=7900"}],"curies":[{"name":"wp","href":"https:\/\/api.w.org\/{rel}","templated":true}]}}