{"id":7903,"date":"2020-08-03T23:24:22","date_gmt":"2020-08-04T03:24:22","guid":{"rendered":"https:\/\/broomballer.ca\/product\/delta-extra-heavy-head-9-oz\/"},"modified":"2023-01-04T11:22:37","modified_gmt":"2023-01-04T15:22:37","slug":"tete-delta-extra-lourde-9-oz","status":"publish","type":"product","link":"https:\/\/broomballer.ca\/fr\/produit\/tete-delta-extra-lourde-9-oz\/","title":{"rendered":"T\u00eate Delta Extra Lourde (9 oz.)"},"content":{"rendered":"","protected":false},"excerpt":{"rendered":"<p>La DELTA &#8211; EXTRA Lourde est notre t\u00eate la plus lourde. Cette t\u00eate sp\u00e9cialis\u00e9e est con\u00e7ue pour les joueurs forts, les joueurs d&rsquo;ext\u00e9rieur, ou toute autre personne pour qui la puissance de tir est la priorit\u00e9 absolue. Toutes les t\u00eates de la famille Blue Ox DELTA sont dot\u00e9es de notre forme \u00e9prouv\u00e9e, ce qui garantit une pr\u00e9cision et un contr\u00f4le de la balle sans compromis.<\/p>\n<p>30% plus lourd que notre t\u00eate Delta standard<\/p>\n<p>M\u00e9lange de polym\u00e8res exclusifs offrant une combinaison optimale de poids, de flexibilit\u00e9, d&rsquo;adh\u00e9rence et de durabilit\u00e9.<\/p>\n<p>Les angles de tir traditionnels permettent des prises de vue ascendantes faciles<\/p>\n<p>Le p\u00e9rim\u00e8tre sur\u00e9lev\u00e9 maintient la balle centr\u00e9e sur votre t\u00eate.<\/p>\n<p>Les guides de coupe vous permettent de jouer en taille r\u00e9elle ou de couper facilement les coins selon vos pr\u00e9f\u00e9rences personnelles.<\/p>\n<p>Les bords plats offrent de larges zones de frappe pour des tirs pr\u00e9cis.<\/p>\n<p>Couleur gris fonc\u00e9<\/p>\n<p>Fabriqu\u00e9 100% au USA<\/p>\n","protected":false},"featured_media":6396,"comment_status":"open","ping_status":"closed","template":"","meta":{"site-sidebar-layout":"default","site-content-layout":"default","ast-global-header-display":"","ast-main-header-display":"","ast-hfb-above-header-display":"","ast-hfb-below-header-display":"","ast-hfb-mobile-header-display":"","site-post-title":"","ast-breadcrumbs-content":"","ast-featured-img":"","footer-sml-layout":"","theme-transparent-header-meta":"default","adv-header-id-meta":"","stick-header-meta":"","header-above-stick-meta":"","header-main-stick-meta":"","header-below-stick-meta":"","spay_email":"","jetpack_publicize_message":"","jetpack_is_tweetstorm":false,"jetpack_publicize_feature_enabled":true},"product_cat":[224],"product_tag":[],"class_list":["post-7903","product","type-product","status-publish","has-post-thumbnail","hentry","product_cat-pieces-detachees"],"_links":{"self":[{"href":"https:\/\/broomballer.ca\/fr\/wp-json\/wp\/v2\/product\/7903","targetHints":{"allow":["GET"]}}],"collection":[{"href":"https:\/\/broomballer.ca\/fr\/wp-json\/wp\/v2\/product"}],"about":[{"href":"https:\/\/broomballer.ca\/fr\/wp-json\/wp\/v2\/types\/product"}],"replies":[{"embeddable":true,"href":"https:\/\/broomballer.ca\/fr\/wp-json\/wp\/v2\/comments?post=7903"}],"wp:featuredmedia":[{"embeddable":true,"href":"https:\/\/broomballer.ca\/fr\/wp-json\/wp\/v2\/media\/6396"}],"wp:attachment":[{"href":"https:\/\/broomballer.ca\/fr\/wp-json\/wp\/v2\/media?parent=7903"}],"wp:term":[{"taxonomy":"product_cat","embeddable":true,"href":"https:\/\/broomballer.ca\/fr\/wp-json\/wp\/v2\/product_cat?post=7903"},{"taxonomy":"product_tag","embeddable":true,"href":"https:\/\/broomballer.ca\/fr\/wp-json\/wp\/v2\/product_tag?post=7903"}],"curies":[{"name":"wp","href":"https:\/\/api.w.org\/{rel}","templated":true}]}}