{"id":8198,"date":"2023-02-24T16:14:21","date_gmt":"2023-02-24T20:14:21","guid":{"rendered":"https:\/\/broomballer.ca\/product\/h-9-0-gants-de-joueur\/"},"modified":"2023-03-15T12:27:36","modified_gmt":"2023-03-15T16:27:36","slug":"h-9-0-gants-de-joueur","status":"publish","type":"product","link":"https:\/\/broomballer.ca\/fr\/produit\/h-9-0-gants-de-joueur\/","title":{"rendered":"H-9.0 Gants de joueur"},"content":{"rendered":"","protected":false},"excerpt":{"rendered":"<p>Manchette fendue pour la mobilit\u00e9 du poignet<\/p>\n<p>Protection de haut niveau<\/p>\n<p>Conception l\u00e9g\u00e8re<\/p>\n<p>Coque ext\u00e9rieure ventil\u00e9e<\/p>\n<p>Mobilit\u00e9 totale des doigts et du pouce<\/p>\n<p>Palmes renforc\u00e9es<\/p>\n<p>&nbsp;<\/p>\n<p>Le nouveau gant 2022 H-9 offre une protection de haut niveau tout en permettant une mobilit\u00e9 maximale des doigts et du poignet. La coque ext\u00e9rieure unique en fait un gant l\u00e9ger qui offre \u00e0 la fois une protection sup\u00e9rieure et une maniabilit\u00e9 totale. Pour la protection, la coque ext\u00e9rieure comporte une mousse haute densit\u00e9 avec des plaques en PVC sur chaque coussinet pour une protection maximale contre les impacts.<\/p>\n","protected":false},"featured_media":8188,"comment_status":"open","ping_status":"closed","template":"","meta":{"site-sidebar-layout":"default","site-content-layout":"default","ast-global-header-display":"","ast-main-header-display":"","ast-hfb-above-header-display":"","ast-hfb-below-header-display":"","ast-hfb-mobile-header-display":"","site-post-title":"","ast-breadcrumbs-content":"","ast-featured-img":"","footer-sml-layout":"","theme-transparent-header-meta":"default","adv-header-id-meta":"","stick-header-meta":"","header-above-stick-meta":"","header-main-stick-meta":"","header-below-stick-meta":"","spay_email":"","jetpack_publicize_message":"","jetpack_is_tweetstorm":false,"jetpack_publicize_feature_enabled":true},"product_cat":[215],"product_tag":[],"class_list":["post-8198","product","type-product","status-publish","has-post-thumbnail","hentry","product_cat-protection-fr"],"_links":{"self":[{"href":"https:\/\/broomballer.ca\/fr\/wp-json\/wp\/v2\/product\/8198","targetHints":{"allow":["GET"]}}],"collection":[{"href":"https:\/\/broomballer.ca\/fr\/wp-json\/wp\/v2\/product"}],"about":[{"href":"https:\/\/broomballer.ca\/fr\/wp-json\/wp\/v2\/types\/product"}],"replies":[{"embeddable":true,"href":"https:\/\/broomballer.ca\/fr\/wp-json\/wp\/v2\/comments?post=8198"}],"wp:featuredmedia":[{"embeddable":true,"href":"https:\/\/broomballer.ca\/fr\/wp-json\/wp\/v2\/media\/8188"}],"wp:attachment":[{"href":"https:\/\/broomballer.ca\/fr\/wp-json\/wp\/v2\/media?parent=8198"}],"wp:term":[{"taxonomy":"product_cat","embeddable":true,"href":"https:\/\/broomballer.ca\/fr\/wp-json\/wp\/v2\/product_cat?post=8198"},{"taxonomy":"product_tag","embeddable":true,"href":"https:\/\/broomballer.ca\/fr\/wp-json\/wp\/v2\/product_tag?post=8198"}],"curies":[{"name":"wp","href":"https:\/\/api.w.org\/{rel}","templated":true}]}}