{"id":8227,"date":"2023-03-05T10:57:24","date_gmt":"2023-03-05T14:57:24","guid":{"rendered":"https:\/\/broomballer.ca\/product\/mach-1i\/"},"modified":"2023-03-05T10:57:37","modified_gmt":"2023-03-05T14:57:37","slug":"mach-1i","status":"publish","type":"product","link":"https:\/\/broomballer.ca\/fr\/produit\/mach-1i\/","title":{"rendered":"Mach 1i"},"content":{"rendered":"","protected":false},"excerpt":{"rendered":"<p>Le Blue Ox Mach 1i offre des performances et un design haut de gamme pour les joueurs s\u00e9rieux. Blue Ox \u00e9l\u00e8ve votre jeu avec la traction, la durabilit\u00e9, la protection et un look que vous serez fier de porter. Con\u00e7u pour une adh\u00e9rence optimale sur la glace propre.<\/p>\n<p>Compos\u00e9 de caoutchouc &#8211; Notre m\u00e9lange de caoutchoucs naturels et synth\u00e9tiques vous offre un \u00e9quilibre optimal entre traction et durabilit\u00e9.<\/p>\n<p>Construction de la semelle ext\u00e9rieure &#8211; La m\u00e9thode de moulage de la mousse microcellulaire am\u00e9liore la traction.<\/p>\n<p>Dessin de la bande de roulement &#8211; Le dessin de la bande de roulement \u00e0 haute densit\u00e9 maximise \u00e0 la fois l&rsquo;adh\u00e9rence sur la glace propre et la durabilit\u00e9.<\/p>\n<p>Construction de la botte &#8211; Protection des orteils et du talon par \u00a0\u00bb double clouage \u00ab\u00a0. Languette et cheville rembourr\u00e9es. Panneaux lat\u00e9raux respirants.<\/p>\n","protected":false},"featured_media":8216,"comment_status":"open","ping_status":"closed","template":"","meta":{"site-sidebar-layout":"default","site-content-layout":"default","ast-global-header-display":"","ast-main-header-display":"","ast-hfb-above-header-display":"","ast-hfb-below-header-display":"","ast-hfb-mobile-header-display":"","site-post-title":"","ast-breadcrumbs-content":"","ast-featured-img":"","footer-sml-layout":"","theme-transparent-header-meta":"default","adv-header-id-meta":"","stick-header-meta":"","header-above-stick-meta":"","header-main-stick-meta":"","header-below-stick-meta":"","spay_email":"","jetpack_publicize_message":"","jetpack_is_tweetstorm":false,"jetpack_publicize_feature_enabled":true},"product_cat":[217],"product_tag":[],"class_list":["post-8227","product","type-product","status-publish","has-post-thumbnail","hentry","product_cat-chaussures"],"_links":{"self":[{"href":"https:\/\/broomballer.ca\/fr\/wp-json\/wp\/v2\/product\/8227","targetHints":{"allow":["GET"]}}],"collection":[{"href":"https:\/\/broomballer.ca\/fr\/wp-json\/wp\/v2\/product"}],"about":[{"href":"https:\/\/broomballer.ca\/fr\/wp-json\/wp\/v2\/types\/product"}],"replies":[{"embeddable":true,"href":"https:\/\/broomballer.ca\/fr\/wp-json\/wp\/v2\/comments?post=8227"}],"wp:featuredmedia":[{"embeddable":true,"href":"https:\/\/broomballer.ca\/fr\/wp-json\/wp\/v2\/media\/8216"}],"wp:attachment":[{"href":"https:\/\/broomballer.ca\/fr\/wp-json\/wp\/v2\/media?parent=8227"}],"wp:term":[{"taxonomy":"product_cat","embeddable":true,"href":"https:\/\/broomballer.ca\/fr\/wp-json\/wp\/v2\/product_cat?post=8227"},{"taxonomy":"product_tag","embeddable":true,"href":"https:\/\/broomballer.ca\/fr\/wp-json\/wp\/v2\/product_tag?post=8227"}],"curies":[{"name":"wp","href":"https:\/\/api.w.org\/{rel}","templated":true}]}}