{"id":8401,"date":"2023-09-03T20:28:47","date_gmt":"2023-09-04T00:28:47","guid":{"rendered":"https:\/\/broomballer.ca\/product\/vortex\/"},"modified":"2023-12-15T20:12:43","modified_gmt":"2023-12-16T00:12:43","slug":"vortex","status":"publish","type":"product","link":"https:\/\/broomballer.ca\/fr\/produit\/vortex\/","title":{"rendered":"Vortex"},"content":{"rendered":"","protected":false},"excerpt":{"rendered":"<p>**NOUVEAU**<\/p>\n<p>Fabriqu\u00e9 dans le m\u00eame alliage d&rsquo;aluminium 7075 que celui utilis\u00e9 dans l&rsquo;a\u00e9rospatiale, optimis\u00e9 pour le ballon sur glace.<br \/>\nLe Vortex offre le meilleur rapport durabilit\u00e9\/prix\/poids.<br \/>\nLe Vortex a la m\u00eame forme que tous les b\u00e2tons Blue Ox. Vous pouvez donc choisir parmi la gamme de t\u00eates Blue Ox Delta et ainsi configurer votre b\u00e2ton \u00e0 votre guise pour qu&rsquo;il s&rsquo;adapte \u00e0 votre style de jeu.<\/p>\n","protected":false},"featured_media":8400,"comment_status":"open","ping_status":"closed","template":"","meta":{"site-sidebar-layout":"default","site-content-layout":"default","ast-global-header-display":"","ast-main-header-display":"","ast-hfb-above-header-display":"","ast-hfb-below-header-display":"","ast-hfb-mobile-header-display":"","site-post-title":"","ast-breadcrumbs-content":"","ast-featured-img":"","footer-sml-layout":"","theme-transparent-header-meta":"default","adv-header-id-meta":"","stick-header-meta":"","header-above-stick-meta":"","header-main-stick-meta":"","header-below-stick-meta":"","spay_email":"","jetpack_publicize_message":"","jetpack_is_tweetstorm":false,"jetpack_publicize_feature_enabled":true},"product_cat":[216],"product_tag":[],"class_list":["post-8401","product","type-product","status-publish","has-post-thumbnail","hentry","product_cat-batons"],"_links":{"self":[{"href":"https:\/\/broomballer.ca\/fr\/wp-json\/wp\/v2\/product\/8401","targetHints":{"allow":["GET"]}}],"collection":[{"href":"https:\/\/broomballer.ca\/fr\/wp-json\/wp\/v2\/product"}],"about":[{"href":"https:\/\/broomballer.ca\/fr\/wp-json\/wp\/v2\/types\/product"}],"replies":[{"embeddable":true,"href":"https:\/\/broomballer.ca\/fr\/wp-json\/wp\/v2\/comments?post=8401"}],"wp:featuredmedia":[{"embeddable":true,"href":"https:\/\/broomballer.ca\/fr\/wp-json\/wp\/v2\/media\/8400"}],"wp:attachment":[{"href":"https:\/\/broomballer.ca\/fr\/wp-json\/wp\/v2\/media?parent=8401"}],"wp:term":[{"taxonomy":"product_cat","embeddable":true,"href":"https:\/\/broomballer.ca\/fr\/wp-json\/wp\/v2\/product_cat?post=8401"},{"taxonomy":"product_tag","embeddable":true,"href":"https:\/\/broomballer.ca\/fr\/wp-json\/wp\/v2\/product_tag?post=8401"}],"curies":[{"name":"wp","href":"https:\/\/api.w.org\/{rel}","templated":true}]}}