{"id":8490,"date":"2023-11-10T23:46:59","date_gmt":"2023-11-11T03:46:59","guid":{"rendered":"https:\/\/broomballer.ca\/product\/sac-de-sport-h-3\/"},"modified":"2023-11-10T23:47:30","modified_gmt":"2023-11-11T03:47:30","slug":"h-3-sac-a-gaufres","status":"publish","type":"product","link":"https:\/\/broomballer.ca\/fr\/produit\/h-3-sac-a-gaufres\/","title":{"rendered":"Sac de sport H-3"},"content":{"rendered":"","protected":false},"excerpt":{"rendered":"<p><em>Mat\u00e9riaux et fermetures \u00e0 glissi\u00e8re de qualit\u00e9 sup\u00e9rieure<\/em><\/p>\n<p><em>Quatre compartiments de rangement<\/em><\/p>\n<p><em>Ventilation suppl\u00e9mentaire<\/em><\/p>\n<p><em>Bandouli\u00e8re et sangle de transport<\/em><\/p>\n<p><em>Dimensions : 12 \u00ab\u00a0x12 \u00ab\u00a0x25\u00a0\u00bb<\/em><\/p>\n","protected":false},"featured_media":8487,"comment_status":"open","ping_status":"closed","template":"","meta":{"site-sidebar-layout":"default","site-content-layout":"default","ast-global-header-display":"","ast-main-header-display":"","ast-hfb-above-header-display":"","ast-hfb-below-header-display":"","ast-hfb-mobile-header-display":"","site-post-title":"","ast-breadcrumbs-content":"","ast-featured-img":"","footer-sml-layout":"","theme-transparent-header-meta":"default","adv-header-id-meta":"","stick-header-meta":"","header-above-stick-meta":"","header-main-stick-meta":"","header-below-stick-meta":"","spay_email":"","jetpack_publicize_message":"","jetpack_is_tweetstorm":false,"jetpack_publicize_feature_enabled":true},"product_cat":[221],"product_tag":[],"class_list":["post-8490","product","type-product","status-publish","has-post-thumbnail","hentry","product_cat-sacs"],"_links":{"self":[{"href":"https:\/\/broomballer.ca\/fr\/wp-json\/wp\/v2\/product\/8490","targetHints":{"allow":["GET"]}}],"collection":[{"href":"https:\/\/broomballer.ca\/fr\/wp-json\/wp\/v2\/product"}],"about":[{"href":"https:\/\/broomballer.ca\/fr\/wp-json\/wp\/v2\/types\/product"}],"replies":[{"embeddable":true,"href":"https:\/\/broomballer.ca\/fr\/wp-json\/wp\/v2\/comments?post=8490"}],"wp:featuredmedia":[{"embeddable":true,"href":"https:\/\/broomballer.ca\/fr\/wp-json\/wp\/v2\/media\/8487"}],"wp:attachment":[{"href":"https:\/\/broomballer.ca\/fr\/wp-json\/wp\/v2\/media?parent=8490"}],"wp:term":[{"taxonomy":"product_cat","embeddable":true,"href":"https:\/\/broomballer.ca\/fr\/wp-json\/wp\/v2\/product_cat?post=8490"},{"taxonomy":"product_tag","embeddable":true,"href":"https:\/\/broomballer.ca\/fr\/wp-json\/wp\/v2\/product_tag?post=8490"}],"curies":[{"name":"wp","href":"https:\/\/api.w.org\/{rel}","templated":true}]}}