{"id":8633,"date":"2020-07-16T20:08:16","date_gmt":"2020-07-17T00:08:16","guid":{"rendered":"https:\/\/broomballer.ca\/product\/declencheur-dembout\/"},"modified":"2023-12-15T22:16:48","modified_gmt":"2023-12-16T02:16:48","slug":"declencheur-dembout","status":"publish","type":"product","link":"https:\/\/broomballer.ca\/fr\/produit\/declencheur-dembout\/","title":{"rendered":"Embout Trigger"},"content":{"rendered":"","protected":false},"excerpt":{"rendered":"<p class=\"\">l&#8217;embout TRIGGER est con\u00e7u pour les b\u00e2tons de ballon-balai Blue Ox.<\/p>\n<p class=\"\"><em>De petites choses peuvent faire une grande diff\u00e9rence dans votre jeu, et ce qui se trouve au-dessus du b\u00e2ton est important. Tout comme les t\u00eates et les shafts de haute performance, le design de votre embout peut \u00e9galement am\u00e9liorer votre jeu.<\/em><\/p>\n<p class=\"\"><em>Blue Ox pr\u00e9sente un nouveau produit qui change la donne, l&#8217;embout <\/em><strong><em>TRIGGER<\/em><\/strong><em> ! <\/em><\/p>\n<p class=\"\"><em>Les <\/em><strong><em>TRIGGER<\/em><\/strong><em> ajoute du contr\u00f4le et de la puissance \u00e0 votre jeux :<\/em><\/p>\n<p class=\"\">&#8211; Un <em>tir est plus difficile car la main sup\u00e9rieure apporte plus d&rsquo;\u00e9nergie<\/em>,<\/p>\n<p class=\"\">&#8211; <em>Meilleure r\u00e9tention du b\u00e2ton lors d&rsquo;un harponnage<\/em><\/p>\n<p class=\"\">&#8211; <em>D\u00e9placement plus facile et plus rapide du b\u00e2ton d&rsquo;une seule main dans tous les plans<\/em><\/p>\n<p class=\"\">&#8211; <em>Plus de puissance et de contr\u00f4le dans tous les mouvements de rotation tels que les tirs du poignet et les passes<\/em><\/p>\n","protected":false},"featured_media":6394,"comment_status":"open","ping_status":"closed","template":"","meta":{"site-sidebar-layout":"default","site-content-layout":"default","ast-global-header-display":"","ast-main-header-display":"","ast-hfb-above-header-display":"","ast-hfb-below-header-display":"","ast-hfb-mobile-header-display":"","site-post-title":"","ast-breadcrumbs-content":"","ast-featured-img":"","footer-sml-layout":"","theme-transparent-header-meta":"default","adv-header-id-meta":"","stick-header-meta":"","header-above-stick-meta":"","header-main-stick-meta":"","header-below-stick-meta":"","spay_email":"","jetpack_publicize_message":"","jetpack_is_tweetstorm":false,"jetpack_publicize_feature_enabled":true},"product_cat":[224],"product_tag":[],"class_list":["post-8633","product","type-product","status-publish","has-post-thumbnail","hentry","product_cat-pieces-detachees","product_shipping_class-article-promo-fr"],"_links":{"self":[{"href":"https:\/\/broomballer.ca\/fr\/wp-json\/wp\/v2\/product\/8633","targetHints":{"allow":["GET"]}}],"collection":[{"href":"https:\/\/broomballer.ca\/fr\/wp-json\/wp\/v2\/product"}],"about":[{"href":"https:\/\/broomballer.ca\/fr\/wp-json\/wp\/v2\/types\/product"}],"replies":[{"embeddable":true,"href":"https:\/\/broomballer.ca\/fr\/wp-json\/wp\/v2\/comments?post=8633"}],"wp:featuredmedia":[{"embeddable":true,"href":"https:\/\/broomballer.ca\/fr\/wp-json\/wp\/v2\/media\/6394"}],"wp:attachment":[{"href":"https:\/\/broomballer.ca\/fr\/wp-json\/wp\/v2\/media?parent=8633"}],"wp:term":[{"taxonomy":"product_cat","embeddable":true,"href":"https:\/\/broomballer.ca\/fr\/wp-json\/wp\/v2\/product_cat?post=8633"},{"taxonomy":"product_tag","embeddable":true,"href":"https:\/\/broomballer.ca\/fr\/wp-json\/wp\/v2\/product_tag?post=8633"}],"curies":[{"name":"wp","href":"https:\/\/api.w.org\/{rel}","templated":true}]}}